{"id":95,"date":"2020-03-10T13:16:41","date_gmt":"2020-03-10T19:16:41","guid":{"rendered":"http:\/\/caminandounidos.org.mx\/asociacioncivil\/?page_id=95"},"modified":"2025-12-12T18:33:43","modified_gmt":"2025-12-13T00:33:43","slug":"quienes-somos","status":"publish","type":"page","link":"https:\/\/caminandounidos.org.mx\/asociacioncivil\/998-2\/quienes-somos\/","title":{"rendered":"\u00bfQui\u00e9nes somos?"},"content":{"rendered":"<p>[et_pb_section fb_built=\u00bb1&#8243; _builder_version=\u00bb4.27.0&#8243; custom_padding=\u00bb77px|||||\u00bb top_divider_style=\u00bbarrow3&#8243; top_divider_color=\u00bb#ed8d1c\u00bb bottom_divider_style=\u00bbarrow2&#8243; bottom_divider_color=\u00bb#ed8d1c\u00bb global_colors_info=\u00bb{}\u00bb][et_pb_row column_structure=\u00bb1_2,1_2&#8243; _builder_version=\u00bb4.16&#8243; global_colors_info=\u00bb{}\u00bb][et_pb_column type=\u00bb1_2&#8243; _builder_version=\u00bb4.16&#8243; global_colors_info=\u00bb{}\u00bb][et_pb_text _builder_version=\u00bb4.27.0&#8243; _module_preset=\u00bbdefault\u00bb text_text_color=\u00bb#a01d25&#8243; header_2_font=\u00bb|600|||||||\u00bb header_2_text_color=\u00bb#a01d25&#8243; animation_style=\u00bbslide\u00bb animation_direction=\u00bbright\u00bb animation_delay=\u00bb100ms\u00bb header_2_text_shadow_style=\u00bbpreset1&#8243; locked=\u00bboff\u00bb global_colors_info=\u00bb{}\u00bb]<\/p>\n<h2><\/h2>\n<h2>\u00bfQui\u00e9nes Somos?<\/h2>\n<p><span style=\"font-weight: 400;\">En Caminando Unidos, llevamos m\u00e1s de 30 a\u00f1os colaborando en el desarrollo integral de ni\u00f1os, j\u00f3venes y familias en condiciones de marginaci\u00f3n social, econ\u00f3mica y acad\u00e9mica. En nuestra Casa Comunitaria ofrecemos un entorno seguro y formativo que impulse el bienestar personal y comunitario, promoviendo valores de \u00e9tica, paz y solidaridad en quienes participan en nuestros programas.<\/span><\/p>\n<p>&nbsp;<\/p>\n<p><span style=\"font-weight: 400;\">A lo largo de los a\u00f1os, hemos implementado diversas metodolog\u00edas educativas y formativas para atender las necesidades cambiantes de nuestra poblaci\u00f3n. Nuestros programas incluyen desde la <\/span><b>Educaci\u00f3n para la Paz<\/b><span style=\"font-weight: 400;\"> de Pierre Bovet y el modelo <\/span><b>High Scope<\/b><span style=\"font-weight: 400;\"> del Dr. David Weikart, hasta iniciativas m\u00e1s recientes como <\/span><b>EUDE Global<\/b><span style=\"font-weight: 400;\"> (Educaci\u00f3n Universal para el Desarrollo \u00c9tico) y <\/span><b>Discernimiento Racional y Espiritual<\/b><span style=\"font-weight: 400;\">, desarrollados por la Dra. Gilda Darlas. Estas herramientas, junto con programas de <\/span><b>Alimentaci\u00f3n Consciente<\/b><span style=\"font-weight: 400;\"> y <\/span><b>Habilidades para la Vida<\/b><span style=\"font-weight: 400;\">, buscan fomentar la paz, el desarrollo \u00e9tico y el discernimiento personal en cada etapa de vida de nuestros beneficiarios.<\/span><\/p>\n<p>&nbsp;<\/p>\n<p><span style=\"font-weight: 400;\">Los desaf\u00edos actuales, como el impacto de la post-pandemia, el aumento de la violencia (especialmente contra las mujeres), el crecimiento del consumo de drogas y el narcotr\u00e1fico, y las dificultades en las relaciones interpersonales, han reforzado nuestro compromiso con la formaci\u00f3n integral de quienes atendemos. En Caminando Unidos, abordamos estas realidades brindando a nuestros estudiantes herramientas para la toma de decisiones \u00e9ticas y reflexivas, promoviendo una vida basada en valores y en la b\u00fasqueda de la verdad.<\/span><\/p>\n<p>&nbsp;<\/p>\n<p><span style=\"font-weight: 400;\">Trabajamos directamente con familias expuestas a diversas formas de violencia, como abuso infantil, violencia de g\u00e9nero y abuso de drogas. Proveemos un espacio de pertenencia y aprendizaje donde los miembros de la comunidad encuentran apoyo y oportunidades para un desarrollo saludable. En nuestra casa comunitaria, llevamos a cabo actividades educativas, recreativas y de bienestar social, fomentando una comunidad que camina unida hacia un futuro con mayores oportunidades y esperanza.<\/span><\/p>\n<p>&nbsp;<\/p>\n<p>[\/et_pb_text][et_pb_text _builder_version=\u00bb4.27.0&#8243; text_font=\u00bb|600|||||||\u00bb text_orientation=\u00bbcenter\u00bb custom_padding=\u00bb|||0px|false|false\u00bb global_colors_info=\u00bb{}\u00bb]<\/p>\n<p style=\"text-align: center;\">Puedes hacer un donativo a trav\u00e9s de nuestro bot\u00f3n de Paypal<\/p>\n<p>[\/et_pb_text][et_pb_button button_url=\u00bbhttps:\/\/www.paypal.com\/donate\/?hosted_button_id=GCEGCNPK2VDL4&#8243; url_new_window=\u00bbon\u00bb button_text=\u00bbDonaciones\u00bb button_alignment=\u00bbcenter\u00bb _builder_version=\u00bb4.27.0&#8243; _module_preset=\u00bbdefault\u00bb custom_button=\u00bbon\u00bb button_icon=\u00bb&#xf1f4;||fa||400&#8243; button_icon_color=\u00bb#000088&#8243; locked=\u00bboff\u00bb global_colors_info=\u00bb{}\u00bb][\/et_pb_button][\/et_pb_column][et_pb_column type=\u00bb1_2&#8243; _builder_version=\u00bb4.16&#8243; global_colors_info=\u00bb{}\u00bb][et_pb_gallery gallery_ids=\u00bb922,921,920,919,918,917&#8243; posts_number=\u00bb6&#8243; orientation=\u00bbportrait\u00bb show_title_and_caption=\u00bboff\u00bb show_pagination=\u00bboff\u00bb zoom_icon_color=\u00bb#FFFFFF\u00bb hover_overlay_color=\u00bbRGBA(255,255,255,0)\u00bb _builder_version=\u00bb4.27.0&#8243; _module_preset=\u00bbdefault\u00bb border_radii_image=\u00bbon|10px|10px|10px|10px\u00bb box_shadow_style_image=\u00bbpreset2&#8243; box_shadow_horizontal_image=\u00bb-6px\u00bb global_colors_info=\u00bb{}\u00bb][\/et_pb_gallery][\/et_pb_column][\/et_pb_row][et_pb_row admin_label=\u00bbiconos\u00bb _builder_version=\u00bb4.27.0&#8243; _module_preset=\u00bbdefault\u00bb collapsed=\u00bbon\u00bb global_colors_info=\u00bb{}\u00bb][et_pb_column type=\u00bb4_4&#8243; _builder_version=\u00bb4.27.0&#8243; _module_preset=\u00bbdefault\u00bb global_colors_info=\u00bb{}\u00bb][et_pb_icon font_icon=\u00bb&#xf09a;||fa||400&#8243; icon_width=\u00bb40px\u00bb url=\u00bbhttps:\/\/www.facebook.com\/CaminandoUnidos1\/\u00bb admin_label=\u00bbIcon fb\u00bb _builder_version=\u00bb4.27.0&#8243; _module_preset=\u00bbdefault\u00bb positioning=\u00bbfixed\u00bb position_origin_a=\u00bbcenter_right\u00bb position_origin_f=\u00bbtop_right\u00bb vertical_offset=\u00bb250px\u00bb horizontal_offset=\u00bb30px\u00bb animation_style=\u00bbroll\u00bb animation_direction=\u00bbright\u00bb global_colors_info=\u00bb{}\u00bb][\/et_pb_icon][et_pb_icon font_icon=\u00bb&#xe0ba;||divi||400&#8243; icon_color=\u00bb#E02B20&#8243; icon_width=\u00bb40px\u00bb url=\u00bbhttps:\/\/www.facebook.com\/CaminandoUnidos1\/\u00bb admin_label=\u00bbIcon yt\u00bb _builder_version=\u00bb4.27.0&#8243; _module_preset=\u00bbdefault\u00bb positioning=\u00bbfixed\u00bb position_origin_a=\u00bbcenter_right\u00bb position_origin_f=\u00bbbottom_right\u00bb vertical_offset=\u00bb230px\u00bb horizontal_offset=\u00bb28px\u00bb animation_style=\u00bbroll\u00bb animation_direction=\u00bbright\u00bb animation_delay=\u00bb100ms\u00bb global_colors_info=\u00bb{}\u00bb][\/et_pb_icon][\/et_pb_column][\/et_pb_row][\/et_pb_section]<\/p>\n","protected":false},"excerpt":{"rendered":"<p>\u00bfQui\u00e9nes Somos? En Caminando Unidos, llevamos m\u00e1s de 30 a\u00f1os colaborando en el desarrollo integral de ni\u00f1os, j\u00f3venes y familias en condiciones de marginaci\u00f3n social, econ\u00f3mica y acad\u00e9mica. En nuestra Casa Comunitaria ofrecemos un entorno seguro y formativo que impulse el bienestar personal y comunitario, promoviendo valores de \u00e9tica, paz y solidaridad en quienes participan [&hellip;]<\/p>\n","protected":false},"author":1,"featured_media":0,"parent":998,"menu_order":0,"comment_status":"closed","ping_status":"closed","template":"","meta":{"_et_pb_use_builder":"on","_et_pb_old_content":"<!-- wp:paragraph -->\n<p><strong>Caminando Unidos<\/strong> es una asociaci\u00f3n civil que trabaja con familias en condici\u00f3n de marginaci\u00f3n y expuestas a violencia, que incluye, pero no se limita, a: abuso infantil, violencia de g\u00e9nero y abuso de drogas. Estamos regidos y trabajamos para las necesidades de una sociedad llena de diversidad. Caminando Unidos es un lugar de aprendizaje y pertenencia, proveemos un espacio de ense\u00f1anza y apoyo para las personas de la comunidad. Al proveer bienestar social y programas educativos para ni\u00f1os, j\u00f3venes, mujeres y familias, apoyamos el sano desarrollo de los individuos, de la familia y de la comunidad en general.<\/p>\n<!-- \/wp:paragraph -->\n\n<!-- wp:paragraph -->\n<p>Caminando Unidos\ncomenz\u00f3 su trabajo en la comunidad de Ahuehuetitla en 1990 con la construcci\u00f3n\nde una biblioteca comunitaria y tutor\u00edas con ni\u00f1os. A trav\u00e9s de ese trabajo nos\ndimos cuenta&nbsp; que hab\u00eda necesidades distintas en la comunidad que no eran\nsatisfechas, y nuestro trabajo comenz\u00f3 a expandirse. Nuestro programa educativo\nse expandi\u00f3 a incluir alfabetizaci\u00f3n, cultura, desarrollo de oficios y\ndesarrollo personal.<\/p>\n<!-- \/wp:paragraph -->\n\n<!-- wp:paragraph -->\n<p>Iniciamos otros\nprogramas dirigidos a atender: nutrici\u00f3n, salud, y violencia. Nuestro trabajo\nfunciona con base en donativos, contribuciones comunitarias y voluntarios. Conforme\ncrecieron nuestros programas, nuestra filosof\u00eda y metodolog\u00eda evolucionaron con\nla asesor\u00eda de Lic. Gracia Esteva para incluir la investigaci\u00f3n del Dr. Miguel\nRu\u00edz y de Juan David Garc\u00eda. El Dr. Ru\u00edz habla de la libertad personal y se\nbasa en la cultura Tolteca, y la metodolog\u00eda de Garc\u00eda gira alrededor de la\ntransformaci\u00f3n creativa a trav\u00e9s del aprendizaje por medio de la experiencia.\nCaminando Unidos toma las investigaciones de ambos doctores y creamos una\nexperiencia de aprendizaje \u00fanica, que no se ofrece en ning\u00fan otro lugar. El\ndesarrollo de nuestra curr\u00edcula no es lineal; le quitamos el \u00e9nfasis al\naprendizaje sistematizado y nos centramos en la discusi\u00f3n y el aprendizaje\nactivo.<\/p>\n<!-- \/wp:paragraph -->\n\n<!-- wp:paragraph -->\n<p>A trav\u00e9s de nuestra\ncurr\u00edcula no lineal hemos presenciado mejor\u00eda de individuos y de la comunidad,\ny hemos sido testigos de&nbsp;c\u00f3mo buscan activamente medios para continuar con\nsu progreso.<\/p>\n<!-- \/wp:paragraph -->\n\n<!-- wp:paragraph -->\n<p>Creemos que al\nfortalecer a los individuos creamos l\u00edderes que pelean por un ma\u00f1ana mejor, que\nalcanzan sus sue\u00f1os y buscan activamente la mejor\u00eda de su comunidad.<\/p>\n<!-- \/wp:paragraph -->","_et_gb_content_width":"","footnotes":""},"class_list":["post-95","page","type-page","status-publish","hentry"],"_links":{"self":[{"href":"https:\/\/caminandounidos.org.mx\/asociacioncivil\/wp-json\/wp\/v2\/pages\/95","targetHints":{"allow":["GET"]}}],"collection":[{"href":"https:\/\/caminandounidos.org.mx\/asociacioncivil\/wp-json\/wp\/v2\/pages"}],"about":[{"href":"https:\/\/caminandounidos.org.mx\/asociacioncivil\/wp-json\/wp\/v2\/types\/page"}],"author":[{"embeddable":true,"href":"https:\/\/caminandounidos.org.mx\/asociacioncivil\/wp-json\/wp\/v2\/users\/1"}],"replies":[{"embeddable":true,"href":"https:\/\/caminandounidos.org.mx\/asociacioncivil\/wp-json\/wp\/v2\/comments?post=95"}],"version-history":[{"count":45,"href":"https:\/\/caminandounidos.org.mx\/asociacioncivil\/wp-json\/wp\/v2\/pages\/95\/revisions"}],"predecessor-version":[{"id":1090,"href":"https:\/\/caminandounidos.org.mx\/asociacioncivil\/wp-json\/wp\/v2\/pages\/95\/revisions\/1090"}],"up":[{"embeddable":true,"href":"https:\/\/caminandounidos.org.mx\/asociacioncivil\/wp-json\/wp\/v2\/pages\/998"}],"wp:attachment":[{"href":"https:\/\/caminandounidos.org.mx\/asociacioncivil\/wp-json\/wp\/v2\/media?parent=95"}],"curies":[{"name":"wp","href":"https:\/\/api.w.org\/{rel}","templated":true}]}}