{"id":843,"date":"2024-08-07T12:08:07","date_gmt":"2024-08-07T18:08:07","guid":{"rendered":"https:\/\/caminandounidos.org.mx\/asociacioncivil\/?page_id=843"},"modified":"2025-12-12T18:16:56","modified_gmt":"2025-12-13T00:16:56","slug":"programa-formativo","status":"publish","type":"page","link":"https:\/\/caminandounidos.org.mx\/asociacioncivil\/programa-formativo\/","title":{"rendered":"Programa Formativo"},"content":{"rendered":"<p>[et_pb_section fb_built=\u00bb1&#8243; _builder_version=\u00bb4.27.0&#8243; _module_preset=\u00bbdefault\u00bb top_divider_style=\u00bbarrow3&#8243; top_divider_color=\u00bb#ed8d1c\u00bb bottom_divider_style=\u00bbarrow\u00bb bottom_divider_color=\u00bb#ed8d1c\u00bb global_colors_info=\u00bb{}\u00bb][et_pb_row column_structure=\u00bb2_3,1_3&#8243; admin_label=\u00bbFila1&#8243; _builder_version=\u00bb4.27.0&#8243; _module_preset=\u00bbdefault\u00bb global_colors_info=\u00bb{}\u00bb][et_pb_column type=\u00bb2_3&#8243; _builder_version=\u00bb4.27.0&#8243; _module_preset=\u00bbdefault\u00bb global_colors_info=\u00bb{}\u00bb][et_pb_text _builder_version=\u00bb4.27.0&#8243; _module_preset=\u00bbdefault\u00bb header_2_font=\u00bb|600|||||||\u00bb header_2_text_color=\u00bb#a01d25&#8243; global_colors_info=\u00bb{}\u00bb]<\/p>\n<h2>Programa Formativo<\/h2>\n<p><b>FORMATIVO:<\/b><span style=\"font-weight: 400;\">\u00a0Se implementan los Programas de Discernimiento Racional, Espiritual y EUDE, enfocados en formar individuos \u00e9ticos que buscan la verdad. Adem\u00e1s, ofrecemos asesor\u00edas personalizadas y alianzas con instituciones acad\u00e9micas que facilitan la permanencia y continuaci\u00f3n de estudios en los niveles b\u00e1sico, medio y superior.<\/span><\/p>\n<p><span style=\"font-weight: 400;\">Para complementar esta formaci\u00f3n, organizamos talleres art\u00edsticos y deportivos, as\u00ed como salidas recreativas, con el objetivo de fomentar un desarrollo integral. Asimismo, cada quince d\u00edas, realizamos talleres para madres de familia, donde se trabajan temas de formaci\u00f3n y se replican actividades desarrolladas previamente con sus hijos.<\/span><\/p>\n<p><i><span style=\"font-weight: 400;\">\u00a0<\/span><\/i><b><i>MODELO PEDAG\u00d3GICO<\/i><\/b><\/p>\n<p><span style=\"font-weight: 400;\">Se basa en una alianza con la Dra. Gilda Darlas, fundadora de Discierne y del modelo EUDE Global, as\u00ed como en la creaci\u00f3n de dos nuevos programas: Discernimiento Racional y Discernimiento Espiritual, en los cuales hemos colaborado en su desarrollo.<\/span><\/p>\n<p>&nbsp;<\/p>\n<p><span style=\"font-weight: 400;\">Estos programas, junto con EUDE Global, conforman el marco conceptual del proyecto \u00abCaminando Unidos\u00bb.<\/span><\/p>\n<p>&nbsp;<\/p>\n<p><b>Los objetivos principales de este proyecto son:<\/b><\/p>\n<p><b>Regular el egocentrismo:<\/b><span style=\"font-weight: 400;\">\u00a0Fomentar la disciplina mental y la atenci\u00f3n consciente para reducir el ego y promover el pensamiento cr\u00edtico.<\/span><span style=\"font-weight: 400;\"><br \/><\/span><b>Desarrollar el discernimiento:<\/b><span style=\"font-weight: 400;\">\u00a0Capacitar a los estudiantes para distinguir entre lo verdadero y lo falso, lo constructivo y lo destructivo, y tomar decisiones basadas en valores s\u00f3lidos.<\/span><span style=\"font-weight: 400;\"><br \/><\/span><b>Promover la espiritualidad:<\/b><span style=\"font-weight: 400;\">\u00a0Conectar a los estudiantes con una fuente de sabidur\u00eda y amor incondicional, identificada como Dios en este contexto.<\/span><\/p>\n<p><span style=\"font-weight: 400;\">\u00a0<\/span><\/p>\n<p>&nbsp;<\/p>\n<p><b>Los programas se centran en:<\/b><\/p>\n<p><b>La \u00e9tica y la moral:<\/b><span style=\"font-weight: 400;\">\u00a0Estableciendo par\u00e1metros claros para determinar lo correcto y lo incorrecto, basados en una autoridad divina y no en opiniones humanas.<\/span><span style=\"font-weight: 400;\"><br \/><\/span><b>El pensamiento cr\u00edtico:<\/b><span style=\"font-weight: 400;\">\u00a0Ense\u00f1ando a los estudiantes a analizar informaci\u00f3n, cuestionar creencias y tomar decisiones informadas.<\/span><span style=\"font-weight: 400;\"><\/p>\n<p><\/span><\/p>\n<p><b>En resumen, este enfoque educativo busca formar individuos capaces de:<\/b><\/p>\n<ul>\n<li style=\"font-weight: 400;\" aria-level=\"1\"><span style=\"font-weight: 400;\">Pensar de manera cr\u00edtica y objetiva.<\/span><\/li>\n<li style=\"font-weight: 400;\" aria-level=\"1\"><span style=\"font-weight: 400;\">Tomar decisiones basadas en valores s\u00f3lidos y principios \u00e9ticos.<\/span><\/li>\n<li style=\"font-weight: 400;\" aria-level=\"1\"><span style=\"font-weight: 400;\">Conectar con una fuente de significado m\u00e1s profunda.<\/span><\/li>\n<li style=\"font-weight: 400;\" aria-level=\"1\"><span style=\"font-weight: 400;\">Contribuir positivamente a la sociedad.<\/span><\/li>\n<\/ul>\n<p>&nbsp;<\/p>\n<p><b>La novedad de este enfoque radica en la combinaci\u00f3n de elementos racionales y espirituales, as\u00ed como en la importancia otorgada al discernimiento como herramienta para la toma de decisiones.<\/b><\/p>\n<p>&nbsp;<\/p>\n<p><b>En conclusi\u00f3n, este modelo educativo ambiciona formar personas m\u00e1s conscientes, compasivas y capaces de enfrentar los desaf\u00edos del mundo actual.<\/b><\/p>\n<p>&nbsp;<\/p>\n<p>[\/et_pb_text][\/et_pb_column][et_pb_column type=\u00bb1_3&#8243; _builder_version=\u00bb4.27.0&#8243; _module_preset=\u00bbdefault\u00bb global_colors_info=\u00bb{}\u00bb][et_pb_image src=\u00bbhttps:\/\/caminandounidos.org.mx\/asociacioncivil\/wp-content\/uploads\/2024\/08\/WhatsApp-Image-2024-08-07-at-11.19.53-AM-3-1.jpeg\u00bb title_text=\u00bbWhatsApp Image 2024-08-07 at 11.19.53 AM (3)\u00bb _builder_version=\u00bb4.27.0&#8243; _module_preset=\u00bbdefault\u00bb border_radii=\u00bbon|10px|10px|10px|10px\u00bb box_shadow_style=\u00bbpreset2&#8243; box_shadow_horizontal=\u00bb-6px\u00bb global_colors_info=\u00bb{}\u00bb][\/et_pb_image][\/et_pb_column][\/et_pb_row][et_pb_row admin_label=\u00bbdonaciones\u00bb _builder_version=\u00bb4.16&#8243; locked=\u00bboff\u00bb collapsed=\u00bboff\u00bb global_colors_info=\u00bb{}\u00bb][et_pb_column type=\u00bb4_4&#8243; _builder_version=\u00bb4.16&#8243; global_colors_info=\u00bb{}\u00bb][et_pb_text _builder_version=\u00bb4.27.0&#8243; text_font=\u00bb|600|||||||\u00bb text_orientation=\u00bbcenter\u00bb custom_padding=\u00bb|||0px|false|false\u00bb global_colors_info=\u00bb{}\u00bb]<\/p>\n<p style=\"text-align: center;\">Puedes hacer un donativo a trav\u00e9s de nuestro bot\u00f3n de Paypal<\/p>\n<p>[\/et_pb_text][et_pb_button button_url=\u00bbhttps:\/\/www.paypal.com\/donate\/?hosted_button_id=GCEGCNPK2VDL4&#8243; url_new_window=\u00bbon\u00bb button_text=\u00bbDonaciones\u00bb button_alignment=\u00bbcenter\u00bb _builder_version=\u00bb4.27.0&#8243; _module_preset=\u00bbdefault\u00bb custom_button=\u00bbon\u00bb button_icon=\u00bb&#xf1f4;||fa||400&#8243; button_icon_color=\u00bb#000088&#8243; locked=\u00bboff\u00bb global_colors_info=\u00bb{}\u00bb][\/et_pb_button][\/et_pb_column][\/et_pb_row][et_pb_row admin_label=\u00bbiconos\u00bb _builder_version=\u00bb4.27.0&#8243; _module_preset=\u00bbdefault\u00bb locked=\u00bboff\u00bb collapsed=\u00bboff\u00bb global_colors_info=\u00bb{}\u00bb][et_pb_column type=\u00bb4_4&#8243; _builder_version=\u00bb4.27.0&#8243; _module_preset=\u00bbdefault\u00bb global_colors_info=\u00bb{}\u00bb][et_pb_icon font_icon=\u00bb&#xf09a;||fa||400&#8243; icon_width=\u00bb40px\u00bb url=\u00bbhttps:\/\/www.facebook.com\/CaminandoUnidos1\/\u00bb admin_label=\u00bbIcon fb\u00bb _builder_version=\u00bb4.27.0&#8243; _module_preset=\u00bbdefault\u00bb positioning=\u00bbfixed\u00bb position_origin_a=\u00bbcenter_right\u00bb position_origin_f=\u00bbtop_right\u00bb vertical_offset=\u00bb250px\u00bb horizontal_offset=\u00bb30px\u00bb animation_style=\u00bbroll\u00bb animation_direction=\u00bbright\u00bb global_colors_info=\u00bb{}\u00bb][\/et_pb_icon][et_pb_icon font_icon=\u00bb&#xe0ba;||divi||400&#8243; icon_color=\u00bb#E02B20&#8243; icon_width=\u00bb40px\u00bb url=\u00bbhttps:\/\/www.facebook.com\/CaminandoUnidos1\/\u00bb admin_label=\u00bbIcon yt\u00bb _builder_version=\u00bb4.27.0&#8243; _module_preset=\u00bbdefault\u00bb positioning=\u00bbfixed\u00bb position_origin_a=\u00bbcenter_right\u00bb position_origin_f=\u00bbbottom_right\u00bb vertical_offset=\u00bb230px\u00bb horizontal_offset=\u00bb28px\u00bb animation_style=\u00bbroll\u00bb animation_direction=\u00bbright\u00bb animation_delay=\u00bb100ms\u00bb global_colors_info=\u00bb{}\u00bb][\/et_pb_icon][\/et_pb_column][\/et_pb_row][\/et_pb_section]<\/p>\n","protected":false},"excerpt":{"rendered":"<p>Programa Formativo FORMATIVO:\u00a0Se implementan los Programas de Discernimiento Racional, Espiritual y EUDE, enfocados en formar individuos \u00e9ticos que buscan la verdad. Adem\u00e1s, ofrecemos asesor\u00edas personalizadas y alianzas con instituciones acad\u00e9micas que facilitan la permanencia y continuaci\u00f3n de estudios en los niveles b\u00e1sico, medio y superior. Para complementar esta formaci\u00f3n, organizamos talleres art\u00edsticos y deportivos, as\u00ed [&hellip;]<\/p>\n","protected":false},"author":1,"featured_media":0,"parent":0,"menu_order":0,"comment_status":"closed","ping_status":"closed","template":"","meta":{"_et_pb_use_builder":"on","_et_pb_old_content":"","_et_gb_content_width":"","footnotes":""},"class_list":["post-843","page","type-page","status-publish","hentry"],"_links":{"self":[{"href":"https:\/\/caminandounidos.org.mx\/asociacioncivil\/wp-json\/wp\/v2\/pages\/843","targetHints":{"allow":["GET"]}}],"collection":[{"href":"https:\/\/caminandounidos.org.mx\/asociacioncivil\/wp-json\/wp\/v2\/pages"}],"about":[{"href":"https:\/\/caminandounidos.org.mx\/asociacioncivil\/wp-json\/wp\/v2\/types\/page"}],"author":[{"embeddable":true,"href":"https:\/\/caminandounidos.org.mx\/asociacioncivil\/wp-json\/wp\/v2\/users\/1"}],"replies":[{"embeddable":true,"href":"https:\/\/caminandounidos.org.mx\/asociacioncivil\/wp-json\/wp\/v2\/comments?post=843"}],"version-history":[{"count":9,"href":"https:\/\/caminandounidos.org.mx\/asociacioncivil\/wp-json\/wp\/v2\/pages\/843\/revisions"}],"predecessor-version":[{"id":1092,"href":"https:\/\/caminandounidos.org.mx\/asociacioncivil\/wp-json\/wp\/v2\/pages\/843\/revisions\/1092"}],"wp:attachment":[{"href":"https:\/\/caminandounidos.org.mx\/asociacioncivil\/wp-json\/wp\/v2\/media?parent=843"}],"curies":[{"name":"wp","href":"https:\/\/api.w.org\/{rel}","templated":true}]}}