{"id":820,"date":"2024-08-07T11:40:13","date_gmt":"2024-08-07T17:40:13","guid":{"rendered":"https:\/\/caminandounidos.org.mx\/asociacioncivil\/?page_id=820"},"modified":"2025-12-12T18:19:37","modified_gmt":"2025-12-13T00:19:37","slug":"programa-academico","status":"publish","type":"page","link":"https:\/\/caminandounidos.org.mx\/asociacioncivil\/programa-academico\/","title":{"rendered":"Programa Acad\u00e9mico"},"content":{"rendered":"<p>[et_pb_section fb_built=\u00bb1&#8243; _builder_version=\u00bb4.27.0&#8243; _module_preset=\u00bbdefault\u00bb custom_padding=\u00bb61px|||||\u00bb top_divider_style=\u00bbasymmetric2&#8243; top_divider_color=\u00bb#ed8d1c\u00bb bottom_divider_style=\u00bbramp\u00bb bottom_divider_color=\u00bb#ed8d1c\u00bb global_colors_info=\u00bb{}\u00bb][et_pb_row column_structure=\u00bb1_4,1_4,1_4,1_4&#8243; _builder_version=\u00bb4.27.0&#8243; _module_preset=\u00bbdefault\u00bb global_colors_info=\u00bb{}\u00bb custom_padding=\u00bb21px|||||\u00bb][et_pb_column type=\u00bb1_4&#8243; _builder_version=\u00bb4.27.0&#8243; _module_preset=\u00bbdefault\u00bb global_colors_info=\u00bb{}\u00bb][et_pb_text _builder_version=\u00bb4.27.0&#8243; _module_preset=\u00bbdefault\u00bb header_2_font=\u00bb|600|||||||\u00bb header_2_text_color=\u00bb#a01d25&#8243; width=\u00bb100%\u00bb custom_padding=\u00bb|5px||||\u00bb global_colors_info=\u00bb{}\u00bb]<\/p>\n<h2>Programa Acad\u00e9mico<\/h2>\n<p><span style=\"font-weight: 400;\">Ofrecemos un plan acad\u00e9mico adaptado a cada nivel educativo, los ni\u00f1os menores de 10 a\u00f1os trabajan en diferentes contenidos acad\u00e9micos que favorecen la alfabetizaci\u00f3n y matem\u00e1ticas b\u00e1sicas;\u00a0 en colaboraci\u00f3n con el programa del INEA, en su Programa 10-14 (primaria) y Programa 15+ (secundaria), brindamos asesor\u00edas personalizadas, mientras que los j\u00f3venes contin\u00faan con preparatoria abierta a trav\u00e9s de Prepanet del Tecnol\u00f3gico de Monterrey o por medio de un convenio con Preparatoria y Universidad La Salle, que brindan a nuestros participantes la posibilidad de acceder a estudios de preparatoria y nivel universitario.<\/span><\/p>\n<p>\u00a0<span style=\"font-weight: 400;\"><\/span><\/p>\n<p>&nbsp;<\/p>\n<p>[\/et_pb_text][\/et_pb_column][et_pb_column type=\u00bb1_4&#8243; _builder_version=\u00bb4.27.0&#8243; _module_preset=\u00bbdefault\u00bb global_colors_info=\u00bb{}\u00bb][et_pb_text _builder_version=\u00bb4.27.0&#8243; _module_preset=\u00bbdefault\u00bb global_colors_info=\u00bb{}\u00bb]<\/p>\n<h1><span style=\"font-size: x-large;\">Programa<\/span><br \/><span style=\"font-size: x-large;\">Recreativo<\/span><\/h1>\n<p><span style=\"font-weight: 400;\">Organizamos festejos de cumplea\u00f1os, fiestas tradicionales, convivios y excursiones especiales<\/span><b>\u00a0<\/b><\/p>\n<p><span style=\"font-weight: 400;\">Fomentamos actividades deportivas, tanto en nuestra Casa Comunitaria como en centro deportivo que hay en nuestra colonia donde un d\u00eda a la semana disfrutan del realizando actividades motoras gruesas y entrenamiento de futbol.<\/span><\/p>\n<p><span style=\"font-weight: 400;\">Ofrecemos la posibilidad de participar en talleres art\u00edsiticos y culturales como pintura, literatura, capoeira y apreciaci\u00f3n musical.<\/span><\/p>\n<p>[\/et_pb_text][\/et_pb_column][et_pb_column type=\u00bb1_4&#8243; _builder_version=\u00bb4.27.0&#8243; _module_preset=\u00bbdefault\u00bb global_colors_info=\u00bb{}\u00bb][et_pb_image src=\u00bbhttps:\/\/caminandounidos.org.mx\/asociacioncivil\/wp-content\/uploads\/2024\/08\/WhatsApp-Image-2024-08-07-at-11.19.54-AM-1.jpeg\u00bb title_text=\u00bbWhatsApp Image 2024-08-07 at 11.19.54 AM (1)\u00bb _builder_version=\u00bb4.27.0&#8243; _module_preset=\u00bbdefault\u00bb border_radii=\u00bbon|10px|10px|10px|10px\u00bb box_shadow_style=\u00bbpreset2&#8243; box_shadow_horizontal=\u00bb-6px\u00bb global_colors_info=\u00bb{}\u00bb][\/et_pb_image][\/et_pb_column][et_pb_column type=\u00bb1_4&#8243; _builder_version=\u00bb4.27.0&#8243; _module_preset=\u00bbdefault\u00bb global_colors_info=\u00bb{}\u00bb][et_pb_image src=\u00bbhttps:\/\/caminandounidos.org.mx\/asociacioncivil\/wp-content\/uploads\/2024\/08\/WhatsApp-Image-2024-08-07-at-11.19.53-AM-5.jpeg\u00bb title_text=\u00bbWhatsApp Image 2024-08-07 at 11.19.53 AM (5)\u00bb _builder_version=\u00bb4.27.0&#8243; _module_preset=\u00bbdefault\u00bb border_radii=\u00bbon|10px|10px|10px|10px\u00bb box_shadow_style=\u00bbpreset2&#8243; box_shadow_horizontal=\u00bb-6px\u00bb global_colors_info=\u00bb{}\u00bb][\/et_pb_image][\/et_pb_column][\/et_pb_row][et_pb_row column_structure=\u00bb1_2,1_2&#8243; admin_label=\u00bbdonaciones\u00bb _builder_version=\u00bb4.16&#8243; custom_padding=\u00bb51px|||||\u00bb locked=\u00bboff\u00bb collapsed=\u00bboff\u00bb global_colors_info=\u00bb{}\u00bb][et_pb_column type=\u00bb1_2&#8243; _builder_version=\u00bb4.16&#8243; global_colors_info=\u00bb{}\u00bb][et_pb_text _builder_version=\u00bb4.27.0&#8243; header_2_font=\u00bb|600|||||||\u00bb header_2_text_color=\u00bb#a01d25&#8243; width=\u00bb99.5%\u00bb custom_padding=\u00bb|5px||||\u00bb global_colors_info=\u00bb{}\u00bb]<\/p>\n<p style=\"text-align: right;\">Puedes hacer un donativo a trav\u00e9s de nuestro bot\u00f3n de Paypal<\/p>\n<p>[\/et_pb_text][\/et_pb_column][et_pb_column type=\u00bb1_2&#8243; _builder_version=\u00bb4.16&#8243; global_colors_info=\u00bb{}\u00bb][et_pb_button button_url=\u00bbhttps:\/\/www.paypal.com\/donate\/?hosted_button_id=GCEGCNPK2VDL4&#8243; url_new_window=\u00bbon\u00bb button_text=\u00bbDonaciones\u00bb button_alignment=\u00bbcenter\u00bb _builder_version=\u00bb4.27.0&#8243; _module_preset=\u00bbdefault\u00bb custom_button=\u00bbon\u00bb button_icon=\u00bb&#xf1f4;||fa||400&#8243; button_icon_color=\u00bb#000088&#8243; locked=\u00bboff\u00bb global_colors_info=\u00bb{}\u00bb][\/et_pb_button][\/et_pb_column][\/et_pb_row][et_pb_row admin_label=\u00bbiconos\u00bb _builder_version=\u00bb4.27.0&#8243; _module_preset=\u00bbdefault\u00bb locked=\u00bboff\u00bb collapsed=\u00bboff\u00bb global_colors_info=\u00bb{}\u00bb][et_pb_column type=\u00bb4_4&#8243; _builder_version=\u00bb4.27.0&#8243; _module_preset=\u00bbdefault\u00bb global_colors_info=\u00bb{}\u00bb][et_pb_icon font_icon=\u00bb&#xf09a;||fa||400&#8243; icon_width=\u00bb40px\u00bb url=\u00bbhttps:\/\/www.facebook.com\/CaminandoUnidos1\/\u00bb admin_label=\u00bbIcon fb\u00bb _builder_version=\u00bb4.27.0&#8243; _module_preset=\u00bbdefault\u00bb positioning=\u00bbfixed\u00bb position_origin_a=\u00bbcenter_right\u00bb position_origin_f=\u00bbtop_right\u00bb vertical_offset=\u00bb250px\u00bb horizontal_offset=\u00bb30px\u00bb animation_style=\u00bbroll\u00bb animation_direction=\u00bbright\u00bb global_colors_info=\u00bb{}\u00bb][\/et_pb_icon][et_pb_icon font_icon=\u00bb&#xe0ba;||divi||400&#8243; icon_color=\u00bb#E02B20&#8243; icon_width=\u00bb40px\u00bb url=\u00bbhttps:\/\/www.facebook.com\/CaminandoUnidos1\/\u00bb admin_label=\u00bbIcon yt\u00bb _builder_version=\u00bb4.27.0&#8243; _module_preset=\u00bbdefault\u00bb positioning=\u00bbfixed\u00bb position_origin_a=\u00bbcenter_right\u00bb position_origin_f=\u00bbbottom_right\u00bb vertical_offset=\u00bb230px\u00bb horizontal_offset=\u00bb28px\u00bb animation_style=\u00bbroll\u00bb animation_direction=\u00bbright\u00bb animation_delay=\u00bb100ms\u00bb global_colors_info=\u00bb{}\u00bb][\/et_pb_icon][\/et_pb_column][\/et_pb_row][\/et_pb_section]<\/p>\n","protected":false},"excerpt":{"rendered":"<p>Programa Acad\u00e9mico Ofrecemos un plan acad\u00e9mico adaptado a cada nivel educativo, los ni\u00f1os menores de 10 a\u00f1os trabajan en diferentes contenidos acad\u00e9micos que favorecen la alfabetizaci\u00f3n y matem\u00e1ticas b\u00e1sicas;\u00a0 en colaboraci\u00f3n con el programa del INEA, en su Programa 10-14 (primaria) y Programa 15+ (secundaria), brindamos asesor\u00edas personalizadas, mientras que los j\u00f3venes contin\u00faan con preparatoria [&hellip;]<\/p>\n","protected":false},"author":1,"featured_media":0,"parent":0,"menu_order":0,"comment_status":"closed","ping_status":"closed","template":"","meta":{"_et_pb_use_builder":"on","_et_pb_old_content":"","_et_gb_content_width":"","footnotes":""},"class_list":["post-820","page","type-page","status-publish","hentry"],"_links":{"self":[{"href":"https:\/\/caminandounidos.org.mx\/asociacioncivil\/wp-json\/wp\/v2\/pages\/820","targetHints":{"allow":["GET"]}}],"collection":[{"href":"https:\/\/caminandounidos.org.mx\/asociacioncivil\/wp-json\/wp\/v2\/pages"}],"about":[{"href":"https:\/\/caminandounidos.org.mx\/asociacioncivil\/wp-json\/wp\/v2\/types\/page"}],"author":[{"embeddable":true,"href":"https:\/\/caminandounidos.org.mx\/asociacioncivil\/wp-json\/wp\/v2\/users\/1"}],"replies":[{"embeddable":true,"href":"https:\/\/caminandounidos.org.mx\/asociacioncivil\/wp-json\/wp\/v2\/comments?post=820"}],"version-history":[{"count":8,"href":"https:\/\/caminandounidos.org.mx\/asociacioncivil\/wp-json\/wp\/v2\/pages\/820\/revisions"}],"predecessor-version":[{"id":1094,"href":"https:\/\/caminandounidos.org.mx\/asociacioncivil\/wp-json\/wp\/v2\/pages\/820\/revisions\/1094"}],"wp:attachment":[{"href":"https:\/\/caminandounidos.org.mx\/asociacioncivil\/wp-json\/wp\/v2\/media?parent=820"}],"curies":[{"name":"wp","href":"https:\/\/api.w.org\/{rel}","templated":true}]}}