{"id":213,"date":"2020-03-28T22:14:20","date_gmt":"2020-03-29T04:14:20","guid":{"rendered":"http:\/\/caminandounidos.org.mx\/asociacioncivil\/?page_id=213"},"modified":"2025-12-12T18:23:01","modified_gmt":"2025-12-13T00:23:01","slug":"programa-de-talleres-de-artes-y-oficios","status":"publish","type":"page","link":"https:\/\/caminandounidos.org.mx\/asociacioncivil\/programa-de-talleres-de-artes-y-oficios\/","title":{"rendered":"Programa Comunitario"},"content":{"rendered":"<p>[et_pb_section fb_built=\u00bb1&#8243; _builder_version=\u00bb4.27.0&#8243; custom_padding=\u00bb72px|||||\u00bb top_divider_style=\u00bbramp2&#8243; top_divider_color=\u00bb#ed8d1c\u00bb bottom_divider_style=\u00bbwave\u00bb bottom_divider_color=\u00bb#ed8d1c\u00bb global_colors_info=\u00bb{}\u00bb][et_pb_row column_structure=\u00bb1_3,1_3,1_3&#8243; _builder_version=\u00bb4.16&#8243; global_colors_info=\u00bb{}\u00bb][et_pb_column type=\u00bb1_3&#8243; _builder_version=\u00bb4.16&#8243; global_colors_info=\u00bb{}\u00bb][et_pb_text _builder_version=\u00bb4.27.0&#8243; header_2_font=\u00bb|600|||||||\u00bb header_2_text_color=\u00bb#a01d25&#8243; header_2_text_shadow_style=\u00bbpreset1&#8243; global_colors_info=\u00bb{}\u00bb]<\/p>\n<h2>PROGRAMA COMUNITARIO<\/h2>\n<p><b><\/b><\/p>\n<p><span style=\"font-weight: 400;\">Principalmente enfocado en\u00a0<\/span><\/p>\n<ol>\n<li style=\"font-weight: 400;\" aria-level=\"1\"><span style=\"font-weight: 400;\">ESPACIOS DE PARTICIPACI\u00d3N\u00a0<\/span><\/li>\n<li style=\"font-weight: 400;\" aria-level=\"1\"><span style=\"font-weight: 400;\">Y DIGNIFICACI\u00d3N DE VIVIENDAS<\/span><\/li>\n<\/ol>\n<p><b><\/b><\/p>\n<p><span style=\"font-weight: 400;\">Desde nuestros inicios, hemos estado estrechamente vinculados con la comunidad y la colonia donde trabajamos. Participamos en actividades deportivas en las canchas locales, organizamos campa\u00f1as de corte de cabello en colaboraci\u00f3n con la escuela de estilismo de la zona, y aprovechamos otros espacios que nos permiten contribuir y fortalecer nuestros lazos con la comunidad. Estas acciones tambi\u00e9n buscan transformar la percepci\u00f3n negativa hacia la poblaci\u00f3n en situaci\u00f3n de vulnerabilidad.<\/span><\/p>\n<p><span style=\"font-weight: 400;\">A lo largo de los a\u00f1os, hemos logrado obtener donativos y establecer alianzas que mejoran las condiciones de vivienda de las personas con quienes trabajamos, brindando acompa\u00f1amiento y asesor\u00eda legal para la regularizaci\u00f3n de terrenos, entre otras acciones.<br \/><\/span><\/p>\n<p><span style=\"font-weight: 400;\">\u00a0<\/span><\/p>\n<p>[\/et_pb_text][\/et_pb_column][et_pb_column type=\u00bb1_3&#8243; _builder_version=\u00bb4.16&#8243; global_colors_info=\u00bb{}\u00bb][et_pb_image src=\u00bbhttps:\/\/caminandounidos.org.mx\/asociacioncivil\/wp-content\/uploads\/2024\/08\/WhatsApp-Image-2024-08-07-at-11.19.54-AM.jpeg\u00bb title_text=\u00bbWhatsApp Image 2024-08-07 at 11.19.54 AM\u00bb _builder_version=\u00bb4.27.0&#8243; _module_preset=\u00bbdefault\u00bb border_radii=\u00bbon|10px|10px|10px|10px\u00bb box_shadow_style=\u00bbpreset2&#8243; box_shadow_horizontal=\u00bb-6px\u00bb global_colors_info=\u00bb{}\u00bb][\/et_pb_image][\/et_pb_column][et_pb_column type=\u00bb1_3&#8243; _builder_version=\u00bb4.16&#8243; global_colors_info=\u00bb{}\u00bb][et_pb_image src=\u00bbhttps:\/\/caminandounidos.org.mx\/asociacioncivil\/wp-content\/uploads\/2024\/08\/WhatsApp-Image-2024-08-07-at-11.19.51-AM.jpeg\u00bb title_text=\u00bbWhatsApp Image 2024-08-07 at 11.19.51 AM\u00bb _builder_version=\u00bb4.27.0&#8243; _module_preset=\u00bbdefault\u00bb border_radii=\u00bbon|10px|10px|10px|10px\u00bb box_shadow_style=\u00bbpreset2&#8243; box_shadow_horizontal=\u00bb-6px\u00bb global_colors_info=\u00bb{}\u00bb][\/et_pb_image][\/et_pb_column][\/et_pb_row][et_pb_row column_structure=\u00bb1_2,1_2&#8243; admin_label=\u00bbdonaciones\u00bb _builder_version=\u00bb4.16&#8243; locked=\u00bboff\u00bb collapsed=\u00bboff\u00bb global_colors_info=\u00bb{}\u00bb][et_pb_column type=\u00bb1_2&#8243; _builder_version=\u00bb4.16&#8243; global_colors_info=\u00bb{}\u00bb][et_pb_text _builder_version=\u00bb4.27.0&#8243; text_font=\u00bb|600|||||||\u00bb custom_padding=\u00bb|||0px|false|false\u00bb global_colors_info=\u00bb{}\u00bb]<\/p>\n<p style=\"text-align: right;\">Puedes hacer un donativo a trav\u00e9s de nuestro bot\u00f3n de Paypal<\/p>\n<p>[\/et_pb_text][\/et_pb_column][et_pb_column type=\u00bb1_2&#8243; _builder_version=\u00bb4.16&#8243; global_colors_info=\u00bb{}\u00bb][et_pb_button button_url=\u00bbhttps:\/\/www.paypal.com\/donate\/?hosted_button_id=GCEGCNPK2VDL4&#8243; url_new_window=\u00bbon\u00bb button_text=\u00bbDonaciones\u00bb button_alignment=\u00bbcenter\u00bb _builder_version=\u00bb4.27.0&#8243; _module_preset=\u00bbdefault\u00bb custom_button=\u00bbon\u00bb button_icon=\u00bb&#xf1f4;||fa||400&#8243; button_icon_color=\u00bb#000088&#8243; locked=\u00bboff\u00bb global_colors_info=\u00bb{}\u00bb][\/et_pb_button][\/et_pb_column][\/et_pb_row][et_pb_row admin_label=\u00bbiconos\u00bb _builder_version=\u00bb4.27.0&#8243; _module_preset=\u00bbdefault\u00bb locked=\u00bboff\u00bb collapsed=\u00bboff\u00bb global_colors_info=\u00bb{}\u00bb][et_pb_column type=\u00bb4_4&#8243; _builder_version=\u00bb4.27.0&#8243; _module_preset=\u00bbdefault\u00bb global_colors_info=\u00bb{}\u00bb][et_pb_icon font_icon=\u00bb&#xf09a;||fa||400&#8243; icon_width=\u00bb40px\u00bb url=\u00bbhttps:\/\/www.facebook.com\/CaminandoUnidos1\/\u00bb admin_label=\u00bbIcon fb\u00bb _builder_version=\u00bb4.27.0&#8243; _module_preset=\u00bbdefault\u00bb positioning=\u00bbfixed\u00bb position_origin_a=\u00bbcenter_right\u00bb position_origin_f=\u00bbtop_right\u00bb vertical_offset=\u00bb250px\u00bb horizontal_offset=\u00bb30px\u00bb animation_style=\u00bbroll\u00bb animation_direction=\u00bbright\u00bb global_colors_info=\u00bb{}\u00bb][\/et_pb_icon][et_pb_icon font_icon=\u00bb&#xe0ba;||divi||400&#8243; icon_color=\u00bb#E02B20&#8243; icon_width=\u00bb40px\u00bb url=\u00bbhttps:\/\/www.facebook.com\/CaminandoUnidos1\/\u00bb admin_label=\u00bbIcon yt\u00bb _builder_version=\u00bb4.27.0&#8243; _module_preset=\u00bbdefault\u00bb positioning=\u00bbfixed\u00bb position_origin_a=\u00bbcenter_right\u00bb position_origin_f=\u00bbbottom_right\u00bb vertical_offset=\u00bb230px\u00bb horizontal_offset=\u00bb28px\u00bb animation_style=\u00bbroll\u00bb animation_direction=\u00bbright\u00bb animation_delay=\u00bb100ms\u00bb global_colors_info=\u00bb{}\u00bb][\/et_pb_icon][\/et_pb_column][\/et_pb_row][\/et_pb_section]<\/p>\n","protected":false},"excerpt":{"rendered":"<p>PROGRAMA COMUNITARIO Principalmente enfocado en\u00a0 ESPACIOS DE PARTICIPACI\u00d3N\u00a0 Y DIGNIFICACI\u00d3N DE VIVIENDAS Desde nuestros inicios, hemos estado estrechamente vinculados con la comunidad y la colonia donde trabajamos. Participamos en actividades deportivas en las canchas locales, organizamos campa\u00f1as de corte de cabello en colaboraci\u00f3n con la escuela de estilismo de la zona, y aprovechamos otros espacios [&hellip;]<\/p>\n","protected":false},"author":1,"featured_media":0,"parent":0,"menu_order":0,"comment_status":"closed","ping_status":"closed","template":"","meta":{"_et_pb_use_builder":"on","_et_pb_old_content":"<!-- wp:divi\/placeholder \/-->","_et_gb_content_width":"","footnotes":""},"class_list":["post-213","page","type-page","status-publish","hentry"],"_links":{"self":[{"href":"https:\/\/caminandounidos.org.mx\/asociacioncivil\/wp-json\/wp\/v2\/pages\/213","targetHints":{"allow":["GET"]}}],"collection":[{"href":"https:\/\/caminandounidos.org.mx\/asociacioncivil\/wp-json\/wp\/v2\/pages"}],"about":[{"href":"https:\/\/caminandounidos.org.mx\/asociacioncivil\/wp-json\/wp\/v2\/types\/page"}],"author":[{"embeddable":true,"href":"https:\/\/caminandounidos.org.mx\/asociacioncivil\/wp-json\/wp\/v2\/users\/1"}],"replies":[{"embeddable":true,"href":"https:\/\/caminandounidos.org.mx\/asociacioncivil\/wp-json\/wp\/v2\/comments?post=213"}],"version-history":[{"count":13,"href":"https:\/\/caminandounidos.org.mx\/asociacioncivil\/wp-json\/wp\/v2\/pages\/213\/revisions"}],"predecessor-version":[{"id":1095,"href":"https:\/\/caminandounidos.org.mx\/asociacioncivil\/wp-json\/wp\/v2\/pages\/213\/revisions\/1095"}],"wp:attachment":[{"href":"https:\/\/caminandounidos.org.mx\/asociacioncivil\/wp-json\/wp\/v2\/media?parent=213"}],"curies":[{"name":"wp","href":"https:\/\/api.w.org\/{rel}","templated":true}]}}