{"id":209,"date":"2020-03-28T22:13:20","date_gmt":"2020-03-29T04:13:20","guid":{"rendered":"http:\/\/caminandounidos.org.mx\/asociacioncivil\/?page_id=209"},"modified":"2024-08-07T17:23:39","modified_gmt":"2024-08-07T23:23:39","slug":"programa-bienestar-social","status":"publish","type":"page","link":"https:\/\/caminandounidos.org.mx\/asociacioncivil\/programa-bienestar-social\/","title":{"rendered":"Programa Bienestar Social"},"content":{"rendered":"<p>[et_pb_section fb_built=\u00bb1&#8243; _builder_version=\u00bb4.27.0&#8243; custom_padding=\u00bb60px|||||\u00bb top_divider_style=\u00bbarrow2&#8243; top_divider_color=\u00bb#ed8d1c\u00bb bottom_divider_style=\u00bbmountains\u00bb bottom_divider_color=\u00bb#ed8d1c\u00bb global_colors_info=\u00bb{}\u00bb][et_pb_row _builder_version=\u00bb4.16&#8243; global_colors_info=\u00bb{}\u00bb][et_pb_column type=\u00bb4_4&#8243; _builder_version=\u00bb4.16&#8243; global_colors_info=\u00bb{}\u00bb][et_pb_text _builder_version=\u00bb4.27.0&#8243; header_font=\u00bb|600|||||||\u00bb header_2_font=\u00bb|600|||||||\u00bb header_2_text_color=\u00bb#a01d25&#8243; hover_enabled=\u00bb0&#8243; header_text_shadow_style=\u00bbpreset1&#8243; header_2_text_shadow_style=\u00bbpreset1&#8243; global_colors_info=\u00bb{}\u00bb sticky_enabled=\u00bb0&#8243;]<\/p>\n<h2>Programa de Bienestar Social<\/h2>\n<p style=\"text-align: justify;\">Reconocemos la salud como un derecho fundamental de todo ser humano y adem\u00e1s elemental para poder tener un buen desempe\u00f1o dentro de la vida cotidiana. Con nuestro programa buscamos dar una atenci\u00f3n permanente a trav\u00e9s de:<\/p>\n<ul style=\"text-align: justify;\">\n<li><strong>Higiene Personal y Bucal<\/strong><\/li>\n<\/ul>\n<p style=\"text-align: justify;\">Tenemos una campa\u00f1a permanente de higiene personal: diariamente se ba\u00f1an en nuestras instalaciones un promedio de 35 personas. Y otra del cuidado dental: se lavan los dientes diariamente y tenemos una relaci\u00f3n con un dentista local quien brinda servicio en los casos necesarios a un precio especial.<\/p>\n<ul style=\"text-align: justify;\">\n<li><strong>Atenci\u00f3n M\u00e9dica<\/strong><\/li>\n<\/ul>\n<p style=\"text-align: justify;\">Gracias al apoyo que tenemos del Centro de Salud, Hospital del Ni\u00f1o Morelense, de la Fundaci\u00f3n del Dr. Simi y de otros doctores especialistas, tratamos de identificar de manera oportuna enfermedades de cualquier tipo y canalizarlas al \u00e1rea adecuada; tambi\u00e9n se han canalizado y dado seguimiento a casos especiales como: reconstrucci\u00f3n de paladar hendido, casos de sordera, (causados por el S\u00edndrome de Ritcher Collins), ataques epil\u00e9pticos, desnutrici\u00f3n severa, problemas de crecimiento por cuesti\u00f3n hormonal, S\u00edndrome de Down, entre otros.<\/p>\n<ul style=\"text-align: justify;\">\n<li><strong>\u00a0Nutrici\u00f3n<\/strong><\/li>\n<\/ul>\n<p style=\"text-align: justify;\">La formaci\u00f3n integral incluye la alimentaci\u00f3n, se preparan dos comidas al d\u00eda (Desayuno y Comida), que en muchos casos son la \u00fanica posibilidad de alimento para nuestra poblaci\u00f3n.<br \/>Todas las comidas son hechas por las madres de familia (otra forma de contribuci\u00f3n).<br \/>Como complementaci\u00f3n, y cuando se han recibido donativos abundantes, se entregan despensas de algunos productos b\u00e1sicos (arroz, frijol, lentejas, az\u00facar, galletas y cereales, entre otros).<\/p>\n<p>[\/et_pb_text][\/et_pb_column][\/et_pb_row][et_pb_row _builder_version=\u00bb4.27.0&#8243; custom_padding=\u00bb2px||2px||false|false\u00bb global_colors_info=\u00bb{}\u00bb][et_pb_column type=\u00bb4_4&#8243; _builder_version=\u00bb4.16&#8243; global_colors_info=\u00bb{}\u00bb][et_pb_text _builder_version=\u00bb4.27.0&#8243; header_2_font=\u00bb|600|||||||\u00bb header_2_text_color=\u00bb#f1592a\u00bb header_2_text_shadow_style=\u00bbpreset1&#8243; global_colors_info=\u00bb{}\u00bb]<\/p>\n<h2><strong>Alimentaci\u00f3n<\/strong><\/h2>\n<p>[\/et_pb_text][\/et_pb_column][\/et_pb_row][et_pb_row _builder_version=\u00bb4.27.0&#8243; custom_margin=\u00bb0px|auto||auto|false|false\u00bb global_colors_info=\u00bb{}\u00bb][et_pb_column type=\u00bb4_4&#8243; _builder_version=\u00bb4.16&#8243; global_colors_info=\u00bb{}\u00bb][et_pb_gallery gallery_ids=\u00bb229,230,231,232,233,234,235,236,237&#8243; posts_number=\u00bb8&#8243; show_title_and_caption=\u00bboff\u00bb show_pagination=\u00bboff\u00bb zoom_icon_color=\u00bb#FFFFFF\u00bb hover_overlay_color=\u00bbRGBA(255,255,255,0)\u00bb hover_icon=\u00bb&#x54;||divi||400&#8243; _builder_version=\u00bb4.27.0&#8243; custom_padding=\u00bb||0px|||\u00bb border_radii_image=\u00bbon|10px|10px|10px|10px\u00bb box_shadow_style_image=\u00bbpreset2&#8243; box_shadow_horizontal_image=\u00bb-6px\u00bb box_shadow_blur_image=\u00bb10px\u00bb global_colors_info=\u00bb{}\u00bb][\/et_pb_gallery][\/et_pb_column][\/et_pb_row][et_pb_row _builder_version=\u00bb4.27.0&#8243; custom_padding=\u00bb2px||2px||false|false\u00bb collapsed=\u00bbon\u00bb global_colors_info=\u00bb{}\u00bb][et_pb_column type=\u00bb4_4&#8243; _builder_version=\u00bb4.16&#8243; global_colors_info=\u00bb{}\u00bb][et_pb_text _builder_version=\u00bb4.27.0&#8243; header_2_font=\u00bb|600|||||||\u00bb header_2_text_color=\u00bb#f1592a\u00bb header_2_text_shadow_style=\u00bbpreset1&#8243; global_colors_info=\u00bb{}\u00bb]<\/p>\n<h2><strong>Salud<\/strong><\/h2>\n<p>[\/et_pb_text][\/et_pb_column][\/et_pb_row][et_pb_row _builder_version=\u00bb4.16&#8243; custom_margin=\u00bb-11px|auto||auto||\u00bb global_colors_info=\u00bb{}\u00bb][et_pb_column type=\u00bb4_4&#8243; _builder_version=\u00bb4.16&#8243; global_colors_info=\u00bb{}\u00bb][et_pb_gallery gallery_ids=\u00bb238,239,240,241,242,243,244&#8243; show_title_and_caption=\u00bboff\u00bb show_pagination=\u00bboff\u00bb zoom_icon_color=\u00bb#FFFFFF\u00bb hover_overlay_color=\u00bbRGBA(255,255,255,0)\u00bb hover_icon=\u00bb&#x54;||divi||400&#8243; _builder_version=\u00bb4.27.0&#8243; animation_style=\u00bbfade\u00bb border_radii_image=\u00bbon|10px|10px|10px|10px\u00bb box_shadow_style_image=\u00bbpreset2&#8243; box_shadow_horizontal_image=\u00bb-6px\u00bb box_shadow_blur_image=\u00bb10px\u00bb global_colors_info=\u00bb{}\u00bb][\/et_pb_gallery][\/et_pb_column][\/et_pb_row][et_pb_row column_structure=\u00bb1_2,1_2&#8243; admin_label=\u00bbdonaciones\u00bb _builder_version=\u00bb4.16&#8243; locked=\u00bboff\u00bb collapsed=\u00bboff\u00bb global_colors_info=\u00bb{}\u00bb][et_pb_column type=\u00bb1_2&#8243; _builder_version=\u00bb4.16&#8243; global_colors_info=\u00bb{}\u00bb][et_pb_text _builder_version=\u00bb4.27.0&#8243; text_font=\u00bb|600|||||||\u00bb custom_padding=\u00bb|||0px|false|false\u00bb global_colors_info=\u00bb{}\u00bb]<\/p>\n<p style=\"text-align: right;\">Puedes hacer un donativo a trav\u00e9s de nuestro bot\u00f3n de Paypal<\/p>\n<p>[\/et_pb_text][\/et_pb_column][et_pb_column type=\u00bb1_2&#8243; _builder_version=\u00bb4.16&#8243; global_colors_info=\u00bb{}\u00bb][et_pb_button button_url=\u00bbhttps:\/\/www.paypal.com\/donate\/?hosted_button_id=GCEGCNPK2VDL4&#8243; url_new_window=\u00bbon\u00bb button_text=\u00bbDonaciones\u00bb button_alignment=\u00bbcenter\u00bb _builder_version=\u00bb4.27.0&#8243; _module_preset=\u00bbdefault\u00bb custom_button=\u00bbon\u00bb button_icon=\u00bb&#xf1f4;||fa||400&#8243; button_icon_color=\u00bb#000088&#8243; locked=\u00bboff\u00bb global_colors_info=\u00bb{}\u00bb][\/et_pb_button][\/et_pb_column][\/et_pb_row][et_pb_row admin_label=\u00bbiconos\u00bb _builder_version=\u00bb4.27.0&#8243; _module_preset=\u00bbdefault\u00bb locked=\u00bboff\u00bb collapsed=\u00bboff\u00bb global_colors_info=\u00bb{}\u00bb][et_pb_column type=\u00bb4_4&#8243; _builder_version=\u00bb4.27.0&#8243; _module_preset=\u00bbdefault\u00bb global_colors_info=\u00bb{}\u00bb][et_pb_icon font_icon=\u00bb&#xf09a;||fa||400&#8243; icon_width=\u00bb40px\u00bb url=\u00bbhttps:\/\/www.facebook.com\/CaminandoUnidos1\/\u00bb admin_label=\u00bbIcon fb\u00bb _builder_version=\u00bb4.27.0&#8243; _module_preset=\u00bbdefault\u00bb positioning=\u00bbfixed\u00bb position_origin_a=\u00bbcenter_right\u00bb position_origin_f=\u00bbtop_right\u00bb vertical_offset=\u00bb250px\u00bb horizontal_offset=\u00bb30px\u00bb animation_style=\u00bbroll\u00bb animation_direction=\u00bbright\u00bb global_colors_info=\u00bb{}\u00bb][\/et_pb_icon][et_pb_icon font_icon=\u00bb&#xe0ba;||divi||400&#8243; icon_color=\u00bb#E02B20&#8243; icon_width=\u00bb40px\u00bb url=\u00bbhttps:\/\/www.facebook.com\/CaminandoUnidos1\/\u00bb admin_label=\u00bbIcon yt\u00bb _builder_version=\u00bb4.27.0&#8243; _module_preset=\u00bbdefault\u00bb positioning=\u00bbfixed\u00bb position_origin_a=\u00bbcenter_right\u00bb position_origin_f=\u00bbbottom_right\u00bb vertical_offset=\u00bb230px\u00bb horizontal_offset=\u00bb28px\u00bb animation_style=\u00bbroll\u00bb animation_direction=\u00bbright\u00bb animation_delay=\u00bb100ms\u00bb global_colors_info=\u00bb{}\u00bb][\/et_pb_icon][\/et_pb_column][\/et_pb_row][\/et_pb_section]<\/p>\n","protected":false},"excerpt":{"rendered":"<p>Programa de Bienestar Social Reconocemos la salud como un derecho fundamental de todo ser humano y adem\u00e1s elemental para poder tener un buen desempe\u00f1o dentro de la vida cotidiana. Con nuestro programa buscamos dar una atenci\u00f3n permanente a trav\u00e9s de: Higiene Personal y Bucal Tenemos una campa\u00f1a permanente de higiene personal: diariamente se ba\u00f1an en [&hellip;]<\/p>\n","protected":false},"author":1,"featured_media":0,"parent":0,"menu_order":0,"comment_status":"closed","ping_status":"closed","template":"","meta":{"_et_pb_use_builder":"on","_et_pb_old_content":"<!-- wp:divi\/placeholder \/-->","_et_gb_content_width":"","footnotes":""},"class_list":["post-209","page","type-page","status-publish","hentry"],"_links":{"self":[{"href":"https:\/\/caminandounidos.org.mx\/asociacioncivil\/wp-json\/wp\/v2\/pages\/209","targetHints":{"allow":["GET"]}}],"collection":[{"href":"https:\/\/caminandounidos.org.mx\/asociacioncivil\/wp-json\/wp\/v2\/pages"}],"about":[{"href":"https:\/\/caminandounidos.org.mx\/asociacioncivil\/wp-json\/wp\/v2\/types\/page"}],"author":[{"embeddable":true,"href":"https:\/\/caminandounidos.org.mx\/asociacioncivil\/wp-json\/wp\/v2\/users\/1"}],"replies":[{"embeddable":true,"href":"https:\/\/caminandounidos.org.mx\/asociacioncivil\/wp-json\/wp\/v2\/comments?post=209"}],"version-history":[{"count":10,"href":"https:\/\/caminandounidos.org.mx\/asociacioncivil\/wp-json\/wp\/v2\/pages\/209\/revisions"}],"predecessor-version":[{"id":927,"href":"https:\/\/caminandounidos.org.mx\/asociacioncivil\/wp-json\/wp\/v2\/pages\/209\/revisions\/927"}],"wp:attachment":[{"href":"https:\/\/caminandounidos.org.mx\/asociacioncivil\/wp-json\/wp\/v2\/media?parent=209"}],"curies":[{"name":"wp","href":"https:\/\/api.w.org\/{rel}","templated":true}]}}