{"id":185,"date":"2020-03-28T21:22:23","date_gmt":"2020-03-29T03:22:23","guid":{"rendered":"http:\/\/caminandounidos.org.mx\/asociacioncivil\/?page_id=185"},"modified":"2024-11-19T11:27:29","modified_gmt":"2024-11-19T17:27:29","slug":"aviso-de-privacidad-integral","status":"publish","type":"page","link":"https:\/\/caminandounidos.org.mx\/asociacioncivil\/aviso-de-privacidad-integral\/","title":{"rendered":"Aviso de Privacidad Integral"},"content":{"rendered":"<p>[et_pb_section fb_built=\u00bb1&#8243; _builder_version=\u00bb4.27.0&#8243; top_divider_style=\u00bbwaves2&#8243; top_divider_color=\u00bb#ed8d1c\u00bb bottom_divider_style=\u00bbclouds2&#8243; bottom_divider_color=\u00bb#ed8d1c\u00bb global_colors_info=\u00bb{}\u00bb][et_pb_row _builder_version=\u00bb4.16&#8243; global_colors_info=\u00bb{}\u00bb][et_pb_column type=\u00bb4_4&#8243; _builder_version=\u00bb4.16&#8243; global_colors_info=\u00bb{}\u00bb][et_pb_text _builder_version=\u00bb4.16&#8243; global_colors_info=\u00bb{}\u00bb]<\/p>\n<p style=\"text-align: center;\"><strong>iso de Privacidad Integral<\/strong><\/p>\n<p><strong>PROYECTO DE EDUCACI\u00d3N ALTERNATIVA CAMINANDO UNIDOS A.C.<\/strong> con domicilio en <strong>Nueva Inglaterra S\/N, Col. Lomas de Cort\u00e9s, C.P. 62240 en Cuernavaca, Morelos<\/strong> <span>nos comprometemos a proteger los datos personales de nuestros donantes, voluntarios, beneficiarios y colaboradores, conforme a lo establecido en la <strong>Ley Federal de Protecci\u00f3n de Datos Personales en Posesi\u00f3n de los Particulares<\/strong> (LFPDPPP) de M\u00e9xico y las normativas internacionales aplicables, como el <strong>Reglamento General de Protecci\u00f3n de Datos<\/strong> (GDPR) de la Uni\u00f3n Europea; y <\/span>hace de su conocimiento lo siguiente:<\/p>\n<ol>\n<li><strong> Responsable del Tratamiento de Datos Personales<\/strong><\/li>\n<\/ol>\n<p><strong>Proyecto De Educaci\u00f3n Alternativa Caminando Unidos A.C.<\/strong>\u00a0 es responsable del tratamiento de los datos personales que recabamos de nuestros donantes, voluntarios y cualquier persona con la que tengamos una relaci\u00f3n, y los utilizar\u00e1 conforme a los fines establecidos en este aviso de privacidad.<\/p>\n<p>Para cualquier duda sobre el tratamiento de sus datos, puede contactarnos en el correo electr\u00f3nico <span><a href=\"mailto:amarce@caminandounidos.org.mx\"><strong>amarce@caminandounidos.org.mx<\/strong><\/a><\/span> o al tel\u00e9fono <strong>52-777-311.3640<\/strong>.<\/p>\n<p>\u00a02. <strong style=\"font-size: 15px;\">Datos Personales Recabados<\/strong><\/p>\n<p>Para cumplir con los fines se\u00f1alados en este aviso de privacidad, podemos recabar las siguientes categor\u00edas de datos personales:<\/p>\n<ul>\n<li>Datos de identificaci\u00f3n (nombre completo, fecha de nacimiento, nacionalidad, etc.).<\/li>\n<li>Datos de contacto (tel\u00e9fono, correo electr\u00f3nico, domicilio, etc.).<\/li>\n<li>Datos financieros (n\u00famero de cuenta bancaria, informaci\u00f3n fiscal, RFC).<\/li>\n<li>En su caso, datos sensibles como estado de salud o discapacidad para fines espec\u00edficos de los programas sociales y de apoyo.<\/li>\n<\/ul>\n<p>En cuanto a redes sociales y plataformas digitales, recopilamos datos como interacciones y preferencias de navegaci\u00f3n a trav\u00e9s de cookies y otras tecnolog\u00edas de seguimiento <strong>(ver secci\u00f3n 7)<\/strong>.<\/p>\n<p>\u00a03. <strong style=\"font-size: 15px;\">Finalidades del Tratamiento de los Datos Personales<\/strong><\/p>\n<p>Sus datos personales ser\u00e1n utilizados para las siguientes finalidades primarias y secundarias:<\/p>\n<p><strong>Finalidades Primarias:<\/strong><\/p>\n<ul>\n<li>Gestionar y procesar sus donativos, incluyendo la emisi\u00f3n de recibos fiscales.<\/li>\n<li>Cumplir con las obligaciones fiscales y legales aplicables a las donatarias autorizadas.<\/li>\n<li>Proveerle informaci\u00f3n sobre el uso de sus donativos y el impacto de los mismos en los proyectos que apoyamos.<\/li>\n<li>Comunicarnos con usted para fines relacionados con su contribuci\u00f3n o para responder a sus consultas.<\/li>\n<\/ul>\n<p><strong>Finalidades Secundarias:<\/strong><\/p>\n<ul>\n<li>Enviarle boletines informativos, invitaciones a eventos y actividades de recaudaci\u00f3n.<\/li>\n<li>Realizar encuestas de satisfacci\u00f3n para mejorar nuestros servicios.<\/li>\n<\/ul>\n<p>\u00a04. <strong style=\"font-size: 15px;\">Transferencia de Datos Personales<\/strong><\/p>\n<p>Sus datos personales podr\u00e1n ser transferidos y tratados dentro y fuera del pa\u00eds por personas distintas a esta organizaci\u00f3n, \u00fanicamente en los siguientes casos:<\/p>\n<ul>\n<li>A autoridades fiscales y regulatorias para el cumplimiento de nuestras obligaciones como donataria autorizada.<\/li>\n<li>En caso de requerirse por autoridades judiciales o gubernamentales en cumplimiento de la legislaci\u00f3n aplicable.<\/li>\n<li>A terceros proveedores de servicios que nos ayuden a gestionar su donaci\u00f3n y emitir comprobantes fiscales (ej. plataformas de pago, bancos, despachos contables).<\/li>\n<li>Organismos internacionales en caso de requerirse para proyectos espec\u00edficos de cooperaci\u00f3n o financiamiento.<\/li>\n<\/ul>\n<p>En todos los casos, garantizamos que la transferencia de sus datos se har\u00e1 con estricta confidencialidad y conforme a la ley aplicable.<\/p>\n<p><strong>En ning\u00fan caso comercializaremos, venderemos o rentaremos sus datos personales.<\/strong><\/p>\n<p><strong>\u00a05. <\/strong><strong style=\"font-size: 15px;\">Derechos ARCO<\/strong><\/p>\n<p>Usted tiene el derecho de acceder, rectificar, cancelar u oponerse (derechos ARCO) al tratamiento de sus datos personales. Para ejercer estos derechos, favor de enviar una solicitud escrita a nuestro Departamento de Protecci\u00f3n de Datos Personales, con la C. Ana Marcela Siller Romo dirigida al correo <span><a href=\"mailto:amarce@caminandounidos.org.mx\"><strong>amarce@caminandounidos.org.mx<\/strong><\/a><\/span> o llamando al tel\u00e9fono <strong>52-777-311.3640<\/strong>.<\/p>\n<p>Su solicitud deber\u00e1 contener al menos:<\/p>\n<ul>\n<li>Nombre completo y medio para comunicarle la respuesta (domicilio o correo electr\u00f3nico).<\/li>\n<li>Documentos que acrediten su identidad o, en su caso, representaci\u00f3n legal.<\/li>\n<li>Descripci\u00f3n clara y precisa de los datos personales respecto de los cuales busca ejercer sus derechos ARCO.<\/li>\n<li>Cualquier otro documento o elemento que facilite la localizaci\u00f3n de los datos.<\/li>\n<\/ul>\n<p>\u00a06. <strong style=\"font-size: 15px;\">Medidas de Seguridad<\/strong><\/p>\n<p><strong>Proyecto De Educaci\u00f3n Alternativa Caminando Unidos A.C.<\/strong> adopta las medidas de seguridad t\u00e9cnicas, administrativas y f\u00edsicas necesarias para proteger sus datos personales, a fin de evitar su p\u00e9rdida, mal uso, alteraci\u00f3n, acceso no autorizado o robo.<\/p>\n<p>\u00a07. <strong style=\"font-size: 15px;\">Uso de Cookies y Tecnolog\u00edas de Rastreo<\/strong><\/p>\n<p>Utilizamos cookies y tecnolog\u00edas similares para mejorar su experiencia en nuestra p\u00e1gina web y redes sociales. Estos mecanismos recaban informaci\u00f3n sobre su navegaci\u00f3n, que puede incluir:<\/p>\n<ul>\n<li>Direcci\u00f3n IP.<\/li>\n<li>Tipo de navegador.<\/li>\n<li>Tiempo de permanencia en nuestro sitio web.<\/li>\n<\/ul>\n<p>Puede deshabilitar el uso de cookies en las configuraciones de su navegador. Sin embargo, algunas funcionalidades del sitio web pueden verse afectadas.<\/p>\n<p>\u00a08. <strong style=\"font-size: 15px;\">Actualizaciones al Aviso de Privacidad<\/strong><\/p>\n<p>Nos reservamos el derecho de efectuar en cualquier momento modificaciones o actualizaciones al presente aviso de privacidad para reflejar cambios en nuestras pr\u00e1cticas de privacidad o en la legislaci\u00f3n aplicable. Cualquier modificaci\u00f3n le ser\u00e1 informada a trav\u00e9s de nuestro sitio web: <span><a href=\"http:\/\/www.caminandounidos.org.mx\">www.caminandounidos.org.mx<\/a><\/span><\/p>\n<p>\u00a09. <strong style=\"font-size: 15px;\">Consentimiento<\/strong><\/p>\n<p>Al proporcionar sus datos personales, usted reconoce haber le\u00eddo y comprendido los t\u00e9rminos del presente aviso de privacidad y otorga su consentimiento para el tratamiento de sus datos conforme a lo aqu\u00ed establecido.<\/p>\n<p>&nbsp;<\/p>\n<p><strong>Fecha de \u00faltima actualizaci\u00f3n<\/strong>: 18 de julio del 2024.<\/p>\n<p>[\/et_pb_text][\/et_pb_column][\/et_pb_row][\/et_pb_section]<\/p>\n","protected":false},"excerpt":{"rendered":"<p>iso de Privacidad Integral PROYECTO DE EDUCACI\u00d3N ALTERNATIVA CAMINANDO UNIDOS A.C. con domicilio en Nueva Inglaterra S\/N, Col. Lomas de Cort\u00e9s, C.P. 62240 en Cuernavaca, Morelos nos comprometemos a proteger los datos personales de nuestros donantes, voluntarios, beneficiarios y colaboradores, conforme a lo establecido en la Ley Federal de Protecci\u00f3n de Datos Personales en Posesi\u00f3n [&hellip;]<\/p>\n","protected":false},"author":1,"featured_media":0,"parent":0,"menu_order":0,"comment_status":"closed","ping_status":"closed","template":"","meta":{"_et_pb_use_builder":"on","_et_pb_old_content":"","_et_gb_content_width":"","footnotes":""},"class_list":["post-185","page","type-page","status-publish","hentry"],"_links":{"self":[{"href":"https:\/\/caminandounidos.org.mx\/asociacioncivil\/wp-json\/wp\/v2\/pages\/185","targetHints":{"allow":["GET"]}}],"collection":[{"href":"https:\/\/caminandounidos.org.mx\/asociacioncivil\/wp-json\/wp\/v2\/pages"}],"about":[{"href":"https:\/\/caminandounidos.org.mx\/asociacioncivil\/wp-json\/wp\/v2\/types\/page"}],"author":[{"embeddable":true,"href":"https:\/\/caminandounidos.org.mx\/asociacioncivil\/wp-json\/wp\/v2\/users\/1"}],"replies":[{"embeddable":true,"href":"https:\/\/caminandounidos.org.mx\/asociacioncivil\/wp-json\/wp\/v2\/comments?post=185"}],"version-history":[{"count":5,"href":"https:\/\/caminandounidos.org.mx\/asociacioncivil\/wp-json\/wp\/v2\/pages\/185\/revisions"}],"predecessor-version":[{"id":1014,"href":"https:\/\/caminandounidos.org.mx\/asociacioncivil\/wp-json\/wp\/v2\/pages\/185\/revisions\/1014"}],"wp:attachment":[{"href":"https:\/\/caminandounidos.org.mx\/asociacioncivil\/wp-json\/wp\/v2\/media?parent=185"}],"curies":[{"name":"wp","href":"https:\/\/api.w.org\/{rel}","templated":true}]}}