{"id":115,"date":"2020-03-28T14:41:33","date_gmt":"2020-03-28T20:41:33","guid":{"rendered":"http:\/\/caminandounidos.org.mx\/asociacioncivil\/?page_id=115"},"modified":"2025-12-12T17:58:38","modified_gmt":"2025-12-12T23:58:38","slug":"inicio","status":"publish","type":"page","link":"https:\/\/caminandounidos.org.mx\/asociacioncivil\/","title":{"rendered":"Inicio"},"content":{"rendered":"<p>[et_pb_section fb_built=\u00bb1&#8243; admin_label=\u00bbNoticias\u00bb _builder_version=\u00bb4.27.0&#8243; _module_preset=\u00bbdefault\u00bb custom_padding=\u00bb7px|||||\u00bb top_divider_style=\u00bbarrow2&#8243; top_divider_color=\u00bb#ed8d1c\u00bb top_divider_height=\u00bb80px\u00bb bottom_divider_style=\u00bbramp2&#8243; bottom_divider_color=\u00bb#ed8d1c\u00bb global_colors_info=\u00bb{}\u00bb][et_pb_row column_structure=\u00bb1_2,1_2&#8243; _builder_version=\u00bb4.27.0&#8243; _module_preset=\u00bbdefault\u00bb global_colors_info=\u00bb{}\u00bb][et_pb_column type=\u00bb1_2&#8243; _builder_version=\u00bb4.27.0&#8243; _module_preset=\u00bbdefault\u00bb global_colors_info=\u00bb{}\u00bb][et_pb_post_slider posts_number=\u00bb3&#8243; include_categories=\u00bball\u00bb show_meta=\u00bboff\u00bb _builder_version=\u00bb4.27.0&#8243; _module_preset=\u00bbdefault\u00bb animation_style=\u00bbslide\u00bb auto=\u00bbon\u00bb auto_speed=\u00bb4000&#8243; border_radii=\u00bbon|15px|15px|15px|15px\u00bb border_radii_image=\u00bbon|10px|10px|10px|10px\u00bb box_shadow_style=\u00bbpreset1&#8243; global_colors_info=\u00bb{}\u00bb][\/et_pb_post_slider][\/et_pb_column][et_pb_column type=\u00bb1_2&#8243; _builder_version=\u00bb4.27.0&#8243; _module_preset=\u00bbdefault\u00bb global_colors_info=\u00bb{}\u00bb][et_pb_text _builder_version=\u00bb4.27.0&#8243; _module_preset=\u00bbdefault\u00bb text_text_color=\u00bb#a01d25&#8243; header_2_font=\u00bb|600|||||||\u00bb header_2_text_align=\u00bbcenter\u00bb header_2_text_color=\u00bb#a01d25&#8243; global_colors_info=\u00bb{}\u00bb]<\/p>\n<h2>Noticias<\/h2>\n<div class=\"et_pb_module et_pb_text et_pb_text_0  et_pb_text_align_left et_pb_bg_layout_light\">\n<div class=\"et_pb_text_inner\">\n<p style=\"text-align: justify;\"><span style=\"font-size: 15px;\">En Caminando Unidos creemos que cada gesto de amor cuenta, porque una huellita de alegr\u00eda puede cambiar toda una vida. Queremos invitarte a ser parte de un momento lleno de generosidad, sonrisas y uni\u00f3n.<\/span><\/p>\n<\/div>\n<\/div>\n<div class=\"et_pb_module et_pb_text et_pb_text_0  et_pb_text_align_left et_pb_bg_layout_light\">Si deseas estar al d\u00eda de los acontecimientos dentro de nuestra comunidad, suscr\u00edbete a nuestra news leter.<\/div>\n<p>[\/et_pb_text][et_pb_button button_url=\u00bb@ET-DC@eyJkeW5hbWljIjp0cnVlLCJjb250ZW50IjoicG9zdF9saW5rX3VybF9wYWdlIiwic2V0dGluZ3MiOnsicG9zdF9pZCI6IjEyNyJ9fQ==@\u00bb button_text=\u00bbInscribirme\u00bb button_alignment=\u00bbcenter\u00bb _builder_version=\u00bb4.27.0&#8243; _dynamic_attributes=\u00bbbutton_url\u00bb _module_preset=\u00bbdefault\u00bb custom_button=\u00bbon\u00bb button_text_color=\u00bb#a01d25&#8243; button_use_icon=\u00bboff\u00bb animation_style=\u00bbroll\u00bb button_text_shadow_style=\u00bbpreset1&#8243; box_shadow_style=\u00bbpreset1&#8243; global_colors_info=\u00bb{}\u00bb][\/et_pb_button][\/et_pb_column][\/et_pb_row][\/et_pb_section][et_pb_section fb_built=\u00bb1&#8243; _builder_version=\u00bb4.27.0&#8243; _module_preset=\u00bbdefault\u00bb custom_padding=\u00bb||70px|||\u00bb top_divider_style=\u00bbslant\u00bb top_divider_color=\u00bb#f1592a\u00bb bottom_divider_style=\u00bbslant2&#8243; bottom_divider_color=\u00bb#f1592a\u00bb collapsed=\u00bbon\u00bb global_colors_info=\u00bb{}\u00bb][et_pb_row admin_label=\u00bbtaba galeria\u00bb _builder_version=\u00bb4.27.0&#8243; global_colors_info=\u00bb{}\u00bb][et_pb_column type=\u00bb4_4&#8243; _builder_version=\u00bb4.16&#8243; global_colors_info=\u00bb{}\u00bb][et_pb_text _builder_version=\u00bb4.27.0&#8243; header_2_text_color=\u00bb#a01d25&#8243; header_text_shadow_style=\u00bbpreset1&#8243; header_2_text_shadow_style=\u00bbpreset1&#8243; header_3_text_shadow_style=\u00bbpreset1&#8243; global_colors_info=\u00bb{}\u00bb]<\/p>\n<h3><span style=\"color: #f46600;\"><strong>Con\u00f3cenos&#8230;<\/strong><\/span><\/h3>\n<p><strong><\/strong><\/p>\n<p>[\/et_pb_text][\/et_pb_column][\/et_pb_row][et_pb_row column_structure=\u00bb1_2,1_2&#8243; _builder_version=\u00bb4.16&#8243; custom_padding=\u00bb51px||0px|||\u00bb global_colors_info=\u00bb{}\u00bb][et_pb_column type=\u00bb1_2&#8243; _builder_version=\u00bb4.16&#8243; global_colors_info=\u00bb{}\u00bb][et_pb_text _builder_version=\u00bb4.27.0&#8243; text_font_size=\u00bb18px\u00bb animation_style=\u00bbbounce\u00bb global_colors_info=\u00bb{}\u00bb custom_margin=\u00bb-30px|||||\u00bb]<\/p>\n<p><span style=\"font-weight: 400;\">Desde hace m\u00e1s de 30 a\u00f1os, Caminando Unidos ha trabajado de la mano con familias en condiciones de marginaci\u00f3n y expuestas a diversas formas de violencia, como el abuso infantil, la violencia de g\u00e9nero y el abuso de drogas, en las comunidades aleda\u00f1as a Lomas de Cort\u00e9s, al noroeste de Cuernavaca, Morelos. Nos mueve un profundo compromiso con el desarrollo integral de ni\u00f1os, j\u00f3venes y familias que, viviendo en situaciones dif\u00edciles, necesitan espacios seguros y educativos que les permitan construir un futuro digno y esperanzador.<\/span><\/p>\n<p><span style=\"font-weight: 400;\">Fomentamos el discernimiento racional y espiritual, ofreciendo herramientas que fortalezcan la capacidad de tomar decisiones \u00e9ticas y amorosas. A trav\u00e9s de un enfoque educativo innovador y de programas de desarrollo comunitario, buscamos que nuestros estudiantes y sus familias construyan un criterio s\u00f3lido para enfrentar los desaf\u00edos de su entorno. Creemos firmemente en el poder del conocimiento y la conciencia para transformar vidas y crear un mundo m\u00e1s justo y solidario.<\/span><\/p>\n<p><span style=\"font-weight: 400;\">En nuestra casa comunitaria, llevamos a cabo actividades educativas, formativas y de apoyo social, brindando tambi\u00e9n alimentos y un entorno de pertenencia a quienes forman parte de Caminando Unidos. Con el respaldo de colaboradores, voluntarios y donantes, seguimos construyendo un espacio donde el desarrollo personal y comunitario se fortalece cada d\u00eda, impulsando valores que siembran esperanza y dignidad en cada individuo y en la comunidad en general.<\/span><\/p>\n<p><span style=\"font-weight: 400;\">Actualmente atendemos de lunes a viernes de 8:00 am a 3:30\u00a0 pm y s\u00e1bados de 9 am a 12 pm a 150 personas, lo que abarca alrededor de 35 familias.<\/span><\/p>\n<p>[\/et_pb_text][et_pb_button button_url=\u00bbhttps:\/\/caminandounidos.org.mx\/asociacioncivil\/quienes-somos\/\u00bb button_text=\u00bbSeguir leyendo\u00bb button_alignment=\u00bbcenter\u00bb _builder_version=\u00bb4.27.0&#8243; custom_button=\u00bbon\u00bb button_text_color=\u00bb#f46600&#8243; animation_style=\u00bbroll\u00bb animation_delay=\u00bb50ms\u00bb global_colors_info=\u00bb{}\u00bb][\/et_pb_button][\/et_pb_column][et_pb_column type=\u00bb1_2&#8243; _builder_version=\u00bb4.16&#8243; global_colors_info=\u00bb{}\u00bb][et_pb_gallery gallery_ids=\u00bb169,160,159,158,157,156,154,153,152,151,155&#8243; posts_number=\u00bb6&#8243; show_title_and_caption=\u00bboff\u00bb show_pagination=\u00bboff\u00bb zoom_icon_color=\u00bb#FFFFFF\u00bb hover_overlay_color=\u00bbRGBA(255,255,255,0)\u00bb hover_icon=\u00bb&#x54;||divi||400&#8243; _builder_version=\u00bb4.27.0&#8243; animation_style=\u00bbroll\u00bb animation_delay=\u00bb100ms\u00bb border_radii_image=\u00bbon|10px|10px|10px|10px\u00bb box_shadow_style_image=\u00bbpreset2&#8243; box_shadow_horizontal_image=\u00bb-6px\u00bb box_shadow_blur_image=\u00bb6px\u00bb global_colors_info=\u00bb{}\u00bb][\/et_pb_gallery][\/et_pb_column][\/et_pb_row][\/et_pb_section][et_pb_section fb_built=\u00bb1&#8243; admin_label=\u00bbValoresyobj\u00bb _builder_version=\u00bb4.27.0&#8243; _module_preset=\u00bbdefault\u00bb bottom_divider_style=\u00bbarrow2&#8243; bottom_divider_color=\u00bb#f1592a\u00bb collapsed=\u00bbon\u00bb global_colors_info=\u00bb{}\u00bb][et_pb_row column_structure=\u00bb1_2,1_2&#8243; _builder_version=\u00bb4.27.0&#8243; global_colors_info=\u00bb{}\u00bb][et_pb_column type=\u00bb1_2&#8243; _builder_version=\u00bb4.16&#8243; global_colors_info=\u00bb{}\u00bb][et_pb_text _builder_version=\u00bb4.16&#8243; inline_fonts=\u00bbAbel\u00bb global_colors_info=\u00bb{}\u00bb]<\/p>\n<h3><b><i>PRINCIPIOS Y VALORES<\/i><\/b><\/h3>\n<ul>\n<li>\n<p><span style=\"font-weight: 400;\">Representan la virtuosidad del ser humano que gu\u00edan su comportamiento y contribuyen a su desarrollo integral:<\/span><\/p>\n<ol>\n<li style=\"font-weight: 400;\" aria-level=\"1\"><span style=\"font-weight: 400;\"><strong>\u00c9tica y honestidad:<\/strong> Actuar con integridad y sinceridad en todas las interacciones y decisiones.<\/span><\/li>\n<li style=\"font-weight: 400;\" aria-level=\"1\"><span style=\"font-weight: 400;\"><span style=\"font-size: 15px; background-color: #ffffff; font-weight: bold;\">Respeto:<\/span>\u00a0Reconocer y valorar la dignidad y los derechos inherentes a cada individuo, independientemente de diferencias o circunstancias.<\/span><\/li>\n<li style=\"font-weight: 400;\" aria-level=\"1\"><span style=\"font-weight: 400;\"><strong>Responsabilidad:<\/strong> Asumir las consecuencias de las propias acciones y comprometerse con el bienestar colectivo.<\/span><\/li>\n<li style=\"font-weight: 400;\" aria-level=\"1\"><span style=\"font-weight: 400;\"><strong>Empat\u00eda y compasi\u00f3n:<\/strong> Comprender y preocuparse por los sentimientos y experiencias de los dem\u00e1s, mostrando solidaridad y apoyo.<\/span><\/li>\n<li style=\"font-weight: 400;\" aria-level=\"1\"><span style=\"font-weight: 400;\"><strong>Justicia y equidad:<\/strong> Promover la igualdad de oportunidades y trato justo para todos, abogando por la justicia social.<\/span><\/li>\n<li style=\"font-weight: 400;\" aria-level=\"1\"><span style=\"font-weight: 400;\"><strong>Generosidad y altruismo:<\/strong> Brindar ayuda y apoyo desinteresadamente a los dem\u00e1s, contribuyendo positivamente a la comunidad.<\/span><\/li>\n<li style=\"font-weight: 400;\" aria-level=\"1\"><span style=\"font-weight: 400;\"><strong>Humildad:<\/strong> Reconocer las propias limitaciones y aprender de los errores, manteniendo una actitud abierta y receptiva.<\/span><\/li>\n<li style=\"font-weight: 400;\" aria-level=\"1\"><span style=\"font-weight: 400;\"><strong>Perseverancia y determinaci\u00f3n:<\/strong> Superar obst\u00e1culos y mantener el esfuerzo continuo hacia metas personales y colectivas.<\/span><\/li>\n<li style=\"font-weight: 400;\" aria-level=\"1\"><span style=\"font-weight: 400;\"><strong>Creatividad e innovaci\u00f3n:<\/strong> Cultivar la capacidad de generar nuevas ideas y soluciones para enriquecer el entorno y la sociedad.<\/span><\/li>\n<li style=\"font-weight: 400;\" aria-level=\"1\"><span style=\"font-weight: 400;\"><strong>Amor y afecto:<\/strong> Cultivar relaciones significativas y saludables, basadas en el cari\u00f1o y el aprecio mutuo.<\/span><\/li>\n<\/ol>\n<ol><\/ol>\n<\/li>\n<\/ul>\n<p>[\/et_pb_text][\/et_pb_column][et_pb_column type=\u00bb1_2&#8243; _builder_version=\u00bb4.16&#8243; global_colors_info=\u00bb{}\u00bb][et_pb_text _builder_version=\u00bb4.16&#8243; global_colors_info=\u00bb{}\u00bb]<\/p>\n<h3><strong>Objetivos Estrat\u00e9gicos<\/strong>:<\/h3>\n<ul>\n<li style=\"font-weight: 400;\" aria-level=\"1\"><span style=\"font-weight: 400;\">Brindar un espacio de trasformaci\u00f3n que promueve el discernimiento humano y espiritual.<\/span><\/li>\n<li style=\"font-weight: 400;\" aria-level=\"1\"><span style=\"font-weight: 400;\">Apoyar la permanencia escolar a nivel primaria, secundaria y preparatoria.<\/span><\/li>\n<li style=\"font-weight: 400;\" aria-level=\"1\"><span style=\"font-weight: 400;\">Fomentar la vida digna a trav\u00e9s de nuestro programa de Bienestar Social (alimentaci\u00f3n, nutrici\u00f3n, atenci\u00f3n m\u00e9dica b\u00e1sica, higiene, vestimenta, recreaci\u00f3n y deporte).<\/span><\/li>\n<li style=\"font-weight: 400;\" aria-level=\"1\"><span style=\"font-weight: 400;\">Obtener los recursos necesarios para garantizar la funcionalidad de la organizaci\u00f3n a todos los niveles.<\/span><\/li>\n<li style=\"font-weight: 400;\" aria-level=\"1\"><span style=\"font-weight: 400;\">Tener un mayor impacto en la comunidad.<\/span><\/li>\n<\/ul>\n<p>[\/et_pb_text][\/et_pb_column][\/et_pb_row][\/et_pb_section][et_pb_section fb_built=\u00bb1&#8243; _builder_version=\u00bb4.27.0&#8243; _module_preset=\u00bbdefault\u00bb custom_padding=\u00bb||15px|||\u00bb top_divider_style=\u00bbarrow2&#8243; top_divider_color=\u00bb#f1592a\u00bb global_colors_info=\u00bb{}\u00bb][et_pb_row _builder_version=\u00bb4.27.0&#8243; _module_preset=\u00bbdefault\u00bb custom_padding=\u00bb44px||7px|||\u00bb global_colors_info=\u00bb{}\u00bb][et_pb_column type=\u00bb4_4&#8243; _builder_version=\u00bb4.27.0&#8243; _module_preset=\u00bbdefault\u00bb global_colors_info=\u00bb{}\u00bb][\/et_pb_column][\/et_pb_row][\/et_pb_section][et_pb_section fb_built=\u00bb1&#8243; admin_label=\u00bbProgramas\u00bb _builder_version=\u00bb4.27.0&#8243; background_color=\u00bb#FFFFFF\u00bb use_background_color_gradient=\u00bbon\u00bb background_color_gradient_direction=\u00bb100deg\u00bb background_color_gradient_stops=\u00bb#FFFFFF 0%|#FFFFFF 100%\u00bb background_color_gradient_start=\u00bb#FFFFFF\u00bb background_color_gradient_end=\u00bb#FFFFFF\u00bb custom_padding=\u00bb17px||0px||false|false\u00bb top_divider_color=\u00bb#E09900&#8243; global_colors_info=\u00bb{}\u00bb][et_pb_row column_structure=\u00bb1_3,1_3,1_3&#8243; admin_label=\u00bbdonaciones\u00bb _builder_version=\u00bb4.16&#8243; locked=\u00bboff\u00bb global_colors_info=\u00bb{}\u00bb][et_pb_column type=\u00bb1_3&#8243; _builder_version=\u00bb4.16&#8243; global_colors_info=\u00bb{}\u00bb][et_pb_text _builder_version=\u00bb4.27.0&#8243; text_font=\u00bb|600|||||||\u00bb custom_padding=\u00bb|||0px|false|false\u00bb global_colors_info=\u00bb{}\u00bb]<\/p>\n<p style=\"text-align: center;\">Puedes hacer un donativo a trav\u00e9s de nuestro bot\u00f3n de Paypal<\/p>\n<p>[\/et_pb_text][\/et_pb_column][et_pb_column type=\u00bb1_3&#8243; _builder_version=\u00bb4.16&#8243; global_colors_info=\u00bb{}\u00bb][et_pb_button button_url=\u00bbhttps:\/\/www.paypal.com\/donate\/?hosted_button_id=GCEGCNPK2VDL4&#8243; url_new_window=\u00bbon\u00bb button_text=\u00bbDonaciones\u00bb button_alignment=\u00bbcenter\u00bb _builder_version=\u00bb4.27.0&#8243; _module_preset=\u00bbdefault\u00bb custom_button=\u00bbon\u00bb button_icon=\u00bb&#xf1f4;||fa||400&#8243; button_icon_color=\u00bb#000088&#8243; locked=\u00bboff\u00bb global_colors_info=\u00bb{}\u00bb][\/et_pb_button][\/et_pb_column][et_pb_column type=\u00bb1_3&#8243; _builder_version=\u00bb4.27.0&#8243; _module_preset=\u00bbdefault\u00bb global_colors_info=\u00bb{}\u00bb][\/et_pb_column][\/et_pb_row][et_pb_row admin_label=\u00bbiconos\u00bb _builder_version=\u00bb4.27.0&#8243; _module_preset=\u00bbdefault\u00bb z_index=\u00bb9&#8243; locked=\u00bboff\u00bb collapsed=\u00bbon\u00bb global_colors_info=\u00bb{}\u00bb][et_pb_column type=\u00bb4_4&#8243; _builder_version=\u00bb4.27.0&#8243; _module_preset=\u00bbdefault\u00bb global_colors_info=\u00bb{}\u00bb][et_pb_icon font_icon=\u00bb&#xf09a;||fa||400&#8243; icon_width=\u00bb40px\u00bb url=\u00bbhttps:\/\/www.facebook.com\/CaminandoUnidos1\/\u00bb admin_label=\u00bbIcon fb\u00bb _builder_version=\u00bb4.27.0&#8243; _module_preset=\u00bbdefault\u00bb positioning=\u00bbfixed\u00bb position_origin_a=\u00bbcenter_right\u00bb position_origin_f=\u00bbtop_right\u00bb vertical_offset=\u00bb250px\u00bb horizontal_offset=\u00bb30px\u00bb animation_style=\u00bbroll\u00bb animation_direction=\u00bbright\u00bb global_colors_info=\u00bb{}\u00bb][\/et_pb_icon][et_pb_icon font_icon=\u00bb&#xe0ba;||divi||400&#8243; icon_color=\u00bb#E02B20&#8243; icon_width=\u00bb40px\u00bb url=\u00bbhttps:\/\/www.facebook.com\/CaminandoUnidos1\/\u00bb admin_label=\u00bbIcon yt\u00bb _builder_version=\u00bb4.27.0&#8243; _module_preset=\u00bbdefault\u00bb positioning=\u00bbfixed\u00bb position_origin_a=\u00bbcenter_right\u00bb position_origin_f=\u00bbbottom_right\u00bb vertical_offset=\u00bb230px\u00bb horizontal_offset=\u00bb28px\u00bb animation_style=\u00bbroll\u00bb animation_direction=\u00bbright\u00bb animation_delay=\u00bb100ms\u00bb global_colors_info=\u00bb{}\u00bb][\/et_pb_icon][\/et_pb_column][\/et_pb_row][\/et_pb_section]<\/p>\n","protected":false},"excerpt":{"rendered":"<p>Noticias En Caminando Unidos creemos que cada gesto de amor cuenta, porque una huellita de alegr\u00eda puede cambiar toda una vida. Queremos invitarte a ser parte de un momento lleno de generosidad, sonrisas y uni\u00f3n. Si deseas estar al d\u00eda de los acontecimientos dentro de nuestra comunidad, suscr\u00edbete a nuestra news leter.Con\u00f3cenos&#8230; Desde hace m\u00e1s [&hellip;]<\/p>\n","protected":false},"author":1,"featured_media":0,"parent":0,"menu_order":0,"comment_status":"closed","ping_status":"closed","template":"","meta":{"_et_pb_use_builder":"on","_et_pb_old_content":"<!-- wp:divi\/placeholder \/-->","_et_gb_content_width":"","footnotes":""},"class_list":["post-115","page","type-page","status-publish","hentry"],"_links":{"self":[{"href":"https:\/\/caminandounidos.org.mx\/asociacioncivil\/wp-json\/wp\/v2\/pages\/115","targetHints":{"allow":["GET"]}}],"collection":[{"href":"https:\/\/caminandounidos.org.mx\/asociacioncivil\/wp-json\/wp\/v2\/pages"}],"about":[{"href":"https:\/\/caminandounidos.org.mx\/asociacioncivil\/wp-json\/wp\/v2\/types\/page"}],"author":[{"embeddable":true,"href":"https:\/\/caminandounidos.org.mx\/asociacioncivil\/wp-json\/wp\/v2\/users\/1"}],"replies":[{"embeddable":true,"href":"https:\/\/caminandounidos.org.mx\/asociacioncivil\/wp-json\/wp\/v2\/comments?post=115"}],"version-history":[{"count":89,"href":"https:\/\/caminandounidos.org.mx\/asociacioncivil\/wp-json\/wp\/v2\/pages\/115\/revisions"}],"predecessor-version":[{"id":1089,"href":"https:\/\/caminandounidos.org.mx\/asociacioncivil\/wp-json\/wp\/v2\/pages\/115\/revisions\/1089"}],"wp:attachment":[{"href":"https:\/\/caminandounidos.org.mx\/asociacioncivil\/wp-json\/wp\/v2\/media?parent=115"}],"curies":[{"name":"wp","href":"https:\/\/api.w.org\/{rel}","templated":true}]}}